{"id":575,"date":"2025-05-22T17:02:13","date_gmt":"2025-05-22T17:02:13","guid":{"rendered":"https:\/\/vaisingumocentras.lt\/daktaras\/"},"modified":"2026-03-23T19:33:41","modified_gmt":"2026-03-23T19:33:41","slug":"daktaras","status":"publish","type":"page","link":"https:\/\/vaisingumocentras.lt\/en\/daktaras\/","title":{"rendered":"Daktaras"},"content":{"rendered":"<div class=\"wpb-content-wrapper\"><p>[vc_row][vc_column width=&#8221;1\/3&#8243;]\t\t<div id=\"wd-682f58697d3b7\" class=\"wd-image wd-wpb wd-rs-682f58697d3b7 text-left \">\n\t\t\t\n\t\t\t\n\t\t\t\t\t<\/div>\n\t\t<div id=\"wd-682f5979d2671\" class=\" wd-rs-682f5979d2671 vc_custom_1747933572138  wd-rs-682f5979d2671 wd-button-wrapper text-center\"><a href=\"#daktar\" title=\"\" class=\"btn btn-style-default btn-shape-round btn-size-default wd-open-popup  btn-icon-pos-left\">Registruokit\u0117s konsultacijai<span class=\"wd-btn-icon\"><span class=\"wd-icon entypo-icon entypo-icon-clock\"><\/span><\/span><\/a><\/div><div id=\"daktar\" class=\"wd-popup wd-popup-element mfp-hide\" style=\"--wd-popup-width:800px;\">[vc_row_inner][vc_column_inner]\n\t\t<div id=\"wd-680708d1cc8f6\" class=\"title-wrapper wd-wpb wd-set-mb reset-last-child  wd-rs-680708d1cc8f6 wd-title-color-default wd-title-style-default text-left  wd-underline-colored\">\n\t\t\t\n\t\t\t<div class=\"liner-continer\">\n\t\t\t\t<h4 class=\"woodmart-title-container title  wd-font-weight- wd-fontsize-l\" >Registruokit\u0117s konsultacijai<\/h4>\n\t\t\t\t\t\t\t<\/div>\n\t\t\t\n\t\t\t\n\t\t\t\n\t\t<\/div>\n\t\t\n\t\t\t\t<div id=\"wd-680708c7a9101\" class=\"wd-text-block wd-wpb reset-last-child wd-rs-680708c7a9101 text-left \">\n\t\t\t<div class='fluentform ff-default fluentform_wrapper_1 ffs_default_wrap'><form data-form_id=\"1\" id=\"fluentform_1\" class=\"frm-fluent-form fluent_form_1 ff-el-form-top ff_form_instance_1_1 ff-form-loading ffs_default\" data-form_instance=\"ff_form_instance_1_1\" method=\"POST\" ><fieldset  style=\"border: none!important;margin: 0!important;padding: 0!important;background-color: transparent!important;box-shadow: none!important;outline: none!important; min-inline-size: 100%;\">\n                    <legend class=\"ff_screen_reader_title\" style=\"display: block; margin: 0!important;padding: 0!important;height: 0!important;text-indent: -999999px;width: 0!important;overflow:hidden;\">Registracija<\/legend><input type='hidden' name='__fluent_form_embded_post_id' value='575' \/><input type=\"hidden\" id=\"_fluentform_1_fluentformnonce\" name=\"_fluentform_1_fluentformnonce\" value=\"236dd83163\" \/><input type=\"hidden\" name=\"_wp_http_referer\" value=\"\/en\/wp-json\/wp\/v2\/pages\/575\" \/><div class='ff-el-group ff-el-form-hide_label'><div class=\"ff-el-input--label asterisk-right\"><label for='ff_1_input_text' id='label_ff_1_input_text' aria-label=\"Vardas\">Vardas<\/label><\/div><div class='ff-el-input--content'><input type=\"text\" name=\"input_text\" class=\"ff-el-form-control\" placeholder=\"Vardas\" data-name=\"input_text\" id=\"ff_1_input_text\"  aria-invalid=\"false\" aria-required=false><\/div><\/div><div class='ff-el-group ff-el-form-hide_label'><div class=\"ff-el-input--label asterisk-right\"><label for='ff_1_input_text_1' id='label_ff_1_input_text_1' aria-label=\"Pavard\u0117\">Pavard\u0117<\/label><\/div><div class='ff-el-input--content'><input type=\"text\" name=\"input_text_1\" class=\"ff-el-form-control\" placeholder=\"Pavard\u0117\" data-name=\"input_text_1\" id=\"ff_1_input_text_1\"  aria-invalid=\"false\" aria-required=false><\/div><\/div><div class='ff-el-group ff-el-form-hide_label'><div class=\"ff-el-input--label asterisk-right\"><label for='ff_1_datetime' id='label_ff_1_datetime' aria-label=\"Pageidaujama data\">Pageidaujama data<\/label><\/div><div class='ff-el-input--content'><input  aria-label='Pageidaujama data Use arrow keys to navigate dates. Press enter to select a date.'  aria-haspopup='dialog' data-type-datepicker data-format='d\/m\/Y' type=\"text\" name=\"datetime\" id=\"ff_1_datetime\" class=\"ff-el-form-control ff-el-datepicker\" placeholder=\"Pageidaujama data\" data-name=\"datetime\"  aria-invalid='false' aria-required=false><\/div><\/div><div class='ff-el-group ff-el-form-hide_label'><div class=\"ff-el-input--label asterisk-right\"><label for='ff_1_input_text_2' id='label_ff_1_input_text_2' aria-label=\"Laikas\">Laikas<\/label><\/div><div class='ff-el-input--content'><input type=\"text\" name=\"input_text_2\" class=\"ff-el-form-control\" placeholder=\"Laikas\" data-name=\"input_text_2\" id=\"ff_1_input_text_2\"  aria-invalid=\"false\" aria-required=false><\/div><\/div><div class='ff-el-group ff-el-form-hide_label'><div class=\"ff-el-input--label asterisk-right\"><label for='ff_1_subject' id='label_ff_1_subject' aria-label=\"Telefonas\">Telefonas<\/label><\/div><div class='ff-el-input--content'><input type=\"text\" name=\"subject\" class=\"ff-el-form-control\" placeholder=\"Telefonas\" data-name=\"subject\" id=\"ff_1_subject\"  aria-invalid=\"false\" aria-required=false><\/div><\/div><div class='ff-el-group ff-el-form-hide_label'><div class=\"ff-el-input--label ff-el-is-required asterisk-right\"><label for='ff_1_email' id='label_ff_1_email' aria-label=\"El. pa\u0161tas\">El. pa\u0161tas<\/label><\/div><div class='ff-el-input--content'><input type=\"email\" name=\"email\" id=\"ff_1_email\" class=\"ff-el-form-control\" placeholder=\"El. pa\u0161tas\" data-name=\"email\"  aria-invalid=\"false\" aria-required=true><\/div><\/div><div class='ff-el-group  ff_list_inline'><div class=\"ff-el-input--label asterisk-right\"><label   aria-label=\"Pageidaujate, kad susisiektume\">Pageidaujate, kad susisiektume<\/label><\/div><div class='ff-el-input--content'><div class='ff-el-form-check ff-el-form-check-'><label class='ff-el-form-check-label' for='input_radio_f953d6f34c51bf777557436812c86a53'><input  type=\"radio\" name=\"input_radio\" data-name=\"input_radio\" class=\"ff-el-form-check-input ff-el-form-check-radio\" value=\"El.pa\u0161tu\"  id='input_radio_f953d6f34c51bf777557436812c86a53' aria-label='El.pa\u0161tu' aria-invalid='false' aria-required=false> <span>El.pa\u0161tu<\/span><\/label><\/div><div class='ff-el-form-check ff-el-form-check-'><label class='ff-el-form-check-label' for='input_radio_468f769222a6fe361d8510b67c0e294c'><input  type=\"radio\" name=\"input_radio\" data-name=\"input_radio\" class=\"ff-el-form-check-input ff-el-form-check-radio\" value=\"Telefonu\"  id='input_radio_468f769222a6fe361d8510b67c0e294c' aria-label='Telefonu' aria-invalid='false' aria-required=false> <span>Telefonu<\/span><\/label><\/div><\/div><\/div><div class='ff-el-group    ff-el-input--content'><div class='ff-el-form-check ff-el-tc'><label aria-label='Sutinku su privatumo politika' class='ff-el-form-check-label ff_tc_label' for=gdpr-agreement_b2aba741133b7e0e5d35b1540afaf99f><span class='ff_tc_checkbox'><input type=\"checkbox\" name=\"gdpr-agreement\" class=\"ff-el-form-check-input ff_gdpr_field\" data-name=\"gdpr-agreement\" id=\"gdpr-agreement_b2aba741133b7e0e5d35b1540afaf99f\"  value='on' aria-invalid='false' aria-required=true><\/span> <div class='ff_t_c'>Sutinku su privatumo politika<\/div><\/label><\/div><\/div><div class='ff-el-group ' ><div class='ff-el-input--content'><div data-fluent_id='1' name='g-recaptcha-response'><div\n\t\tdata-sitekey='6Lf41XAsAAAAAHKVd_lz9vlnWS9BG8YEWo1DofR8'\n\t\tid='fluentform-recaptcha-1-1'\n\t\tclass='ff-el-recaptcha g-recaptcha'\n\t\tdata-callback='fluentFormrecaptchaSuccessCallback'><\/div><\/div><\/div><\/div><div class='ff-el-group ff-text-left ff_submit_btn_wrapper ff_submit_btn_wrapper_custom'><button class=\"ff-btn ff-btn-submit ff-btn-md ff_btn_style wpf_has_custom_css\" type=\"submit\" name=\"custom_submit_button-1_1\" data-name=\"custom_submit_button-1_1\"  aria-label=\"REGISTRUOTIS\">REGISTRUOTIS<\/button><style>form.fluent_form_1 .wpf_has_custom_css.ff-btn-submit { background-color:rgba(211, 15, 91, 1);border-color:rgba(211, 15, 91, 1);color:#ffffff;min-width:100%; }form.fluent_form_1 .wpf_has_custom_css.ff-btn-submit:hover { background-color:rgba(84, 188, 235, 1);border-color:rgba(84, 188, 235, 1);color:rgba(255, 255, 255, 1);min-width:100%; } <\/style><\/div><\/fieldset><\/form><div id='fluentform_1_errors' class='ff-errors-in-stack ff_form_instance_1_1 ff-form-loading_errors ff_form_instance_1_1_errors'><\/div><\/div>            <script type=\"text\/javascript\">\n                window.fluent_form_ff_form_instance_1_1 = {\"id\":\"1\",\"settings\":{\"layout\":{\"labelPlacement\":\"top\",\"helpMessagePlacement\":\"with_label\",\"errorMessagePlacement\":\"inline\",\"cssClassName\":\"\",\"asteriskPlacement\":\"asterisk-right\"},\"restrictions\":{\"denyEmptySubmission\":{\"enabled\":false}}},\"form_instance\":\"ff_form_instance_1_1\",\"form_id_selector\":\"fluentform_1\",\"rules\":{\"input_text\":{\"required\":{\"value\":false,\"message\":\"This field is required\",\"global_message\":\"This field is required\",\"global\":true}},\"input_text_1\":{\"required\":{\"value\":false,\"message\":\"This field is required\",\"global_message\":\"This field is required\",\"global\":true}},\"datetime\":{\"required\":{\"value\":false,\"message\":\"This field is required\",\"global_message\":\"This field is required\",\"global\":true}},\"input_text_2\":{\"required\":{\"value\":false,\"message\":\"This field is required\",\"global_message\":\"This field is required\",\"global\":true}},\"subject\":{\"required\":{\"value\":false,\"message\":\"This field is required\",\"global\":false,\"global_message\":\"This field is required\"}},\"email\":{\"required\":{\"value\":true,\"message\":\"Privalomas laukas\",\"global\":false,\"global_message\":\"This field is required\"},\"email\":{\"value\":true,\"message\":\"Patikrinkite el.pa\\u0161t\\u0105\",\"global\":false,\"global_message\":\"This field must contain a valid email\"}},\"input_radio\":{\"required\":{\"value\":false,\"message\":\"This field is required\",\"global_message\":\"This field is required\",\"global\":true}},\"gdpr-agreement\":{\"required\":{\"value\":true,\"message\":\"This field is required\",\"global_message\":\"This field is required\",\"global\":true}},\"g-recaptcha-response\":[]},\"debounce_time\":300};\n                            <\/script>\n            \n\t\t<\/div>\n\t\t[\/vc_column_inner][\/vc_row_inner]<\/div>[\/vc_column][vc_column width=&#8221;2\/3&#8243;]\n\t\t<div id=\"wd-682f5988b2400\" class=\"title-wrapper wd-wpb wd-set-mb reset-last-child  wd-rs-682f5988b2400 wd-title-color-default wd-title-style-default text-left  wd-underline-colored\">\n\t\t\t\t\t\t\t\n\t\t\t\t<div class=\"title-subtitle  subtitle-color-default font-default subtitle-style-background wd-font-weight- wd-fontsize-xs\">Klinikos vadov\u0117, gydytoja aku\u0161er\u0117 ginekolog\u0117<\/div>\n\t\t\t\n\t\t\t<div class=\"liner-continer\">\n\t\t\t\t<h4 class=\"woodmart-title-container title  wd-font-weight- wd-fontsize-l\" >GRA\u017dINA BOGDANSKIEN\u0116<\/h4>\n\t\t\t\t\t\t\t<\/div>\n\t\t\t\n\t\t\t\n\t\t\t\n\t\t<\/div>\n\t\t\n\t\t\t\t<div id=\"wd-69c1958f09077\" class=\"wd-text-block wd-wpb reset-last-child wd-rs-69c1958f09077 text-left \">\n\t\t\t<p>Gra\u017eina Bogdanskien\u0117 yra dirbtinio apvaisinimo Lietuvoje iniciator\u0117 ir pradinink\u0117.<\/p>\n<p>Gyd. G.Bogdanskien\u0117 yra auk\u0161tos kvalifikacijos dirbtinio apvaisinimo specialist\u0117, turinti licencij\u0105 dirbti dirbtinio apvaisinimo laboratorijoje Did\u017eiojoje Britanijoje, Europos \u017emogaus vaisingumo ir embriologijos draugijos nar\u0117 (ESHRE), vienintel\u0117 gydytoja aku\u0161er\u0117 ginekolog\u0117 i\u0161 Baltijos \u0161ali\u0173, aktyviai dalyvauja tarptautini\u0173 organizacij\u0173, koordinuojan\u010di\u0173 dirbtinio apvaisinimo veikl\u0105.<\/p>\n<p>\u012evairiose tarptautin\u0117se konferencijose perskait\u0117 65 prane\u0161im\u0173 apie jos vadovaujamos klinikos veikl\u0105 ir apie taikant dirbtinio apvaisinimo metodus pasiektus rezultatus.<\/p>\n<div class=\"more_content\">\n<p>Nuo 1993 iki 2013 met\u0173 Lietuvos aku\u0161eri\u0173 \u2013 ginekolog\u0173 mokslin\u0117s draugijos nevaisingumo sekcijos pirminink\u0117.<\/p>\n<p><strong>Sta\u017euot\u0117s:<\/strong><\/p>\n<p>1990-1991 m. Danijos universitete \u201eNevaisingumo diegnostika ir gydymas\u201c;<\/p>\n<p>1993 m. Londono Karali\u0161koji ligonin\u0117. Viena i\u0161 did\u017eiausi\u0173 patirt\u012f Europoje ir pasaulyje turintis \u201eThe Bridge\u201c centras;<\/p>\n<p>1997 m. Liubeko Vokietijos universitetin\u0117 ligonin\u0117;<\/p>\n<p>1998 m. Helsinko universitetine ligonin\u0117.<\/p>\n<\/div>\n\t\t<\/div>\n\t\t[\/vc_column][\/vc_row]<\/p>\n<\/div>","protected":false},"excerpt":{"rendered":"<p>[vc_row][vc_column width=&#8221;1\/3&#8243;][\/vc_column][vc_column width=&#8221;2\/3&#8243;][\/vc_column][\/vc_row]<\/p>\n","protected":false},"author":1,"featured_media":0,"parent":0,"menu_order":0,"comment_status":"closed","ping_status":"closed","template":"","meta":{"footnotes":""},"class_list":["post-575","page","type-page","status-publish","hentry"],"yoast_head":"<!-- This site is optimized with the Yoast SEO plugin v27.2 - https:\/\/yoast.com\/product\/yoast-seo-wordpress\/ -->\n<title>Daktaras - Vaisingumocentras.lt<\/title>\n<meta name=\"robots\" content=\"index, follow, max-snippet:-1, max-image-preview:large, max-video-preview:-1\" \/>\n<link rel=\"canonical\" href=\"https:\/\/vaisingumocentras.lt\/en\/daktaras\/\" \/>\n<meta property=\"og:locale\" content=\"en_US\" \/>\n<meta property=\"og:type\" content=\"article\" \/>\n<meta property=\"og:title\" content=\"Daktaras - Vaisingumocentras.lt\" \/>\n<meta property=\"og:url\" content=\"https:\/\/vaisingumocentras.lt\/en\/daktaras\/\" \/>\n<meta property=\"og:site_name\" content=\"Vaisingumocentras.lt\" \/>\n<meta property=\"article:modified_time\" content=\"2026-03-23T19:33:41+00:00\" \/>\n<meta property=\"og:image\" content=\"https:\/\/vaisingumocentras.lt\/wp-content\/uploads\/2025\/04\/iStock-477194712-scaled.jpg\" \/>\n\t<meta property=\"og:image:width\" content=\"2560\" \/>\n\t<meta property=\"og:image:height\" content=\"1698\" \/>\n\t<meta property=\"og:image:type\" content=\"image\/jpeg\" \/>\n<meta name=\"twitter:card\" content=\"summary_large_image\" \/>\n<meta name=\"twitter:label1\" content=\"Est. reading time\" \/>\n\t<meta name=\"twitter:data1\" content=\"4 minutes\" \/>\n<script type=\"application\/ld+json\" class=\"yoast-schema-graph\">{\"@context\":\"https:\/\/schema.org\",\"@graph\":[{\"@type\":\"WebPage\",\"@id\":\"https:\/\/vaisingumocentras.lt\/en\/daktaras\/\",\"url\":\"https:\/\/vaisingumocentras.lt\/en\/daktaras\/\",\"name\":\"Daktaras - Vaisingumocentras.lt\",\"isPartOf\":{\"@id\":\"https:\/\/vaisingumocentras.lt\/#website\"},\"datePublished\":\"2025-05-22T17:02:13+00:00\",\"dateModified\":\"2026-03-23T19:33:41+00:00\",\"breadcrumb\":{\"@id\":\"https:\/\/vaisingumocentras.lt\/en\/daktaras\/#breadcrumb\"},\"inLanguage\":\"en-US\",\"potentialAction\":[{\"@type\":\"ReadAction\",\"target\":[\"https:\/\/vaisingumocentras.lt\/en\/daktaras\/\"]}]},{\"@type\":\"BreadcrumbList\",\"@id\":\"https:\/\/vaisingumocentras.lt\/en\/daktaras\/#breadcrumb\",\"itemListElement\":[{\"@type\":\"ListItem\",\"position\":1,\"name\":\"Home\",\"item\":\"https:\/\/vaisingumocentras.lt\/en\/pradzia\/\"},{\"@type\":\"ListItem\",\"position\":2,\"name\":\"Daktaras\"}]},{\"@type\":\"WebSite\",\"@id\":\"https:\/\/vaisingumocentras.lt\/#website\",\"url\":\"https:\/\/vaisingumocentras.lt\/\",\"name\":\"vaisingumocentras.lt\",\"description\":\"Gra\u017einos Bogdanskien\u0117s Vaisingumo Centras\",\"publisher\":{\"@id\":\"https:\/\/vaisingumocentras.lt\/#organization\"},\"alternateName\":\"Gra\u017einos Bogdanskien\u0117s Vaisingumo Centras\",\"potentialAction\":[{\"@type\":\"SearchAction\",\"target\":{\"@type\":\"EntryPoint\",\"urlTemplate\":\"https:\/\/vaisingumocentras.lt\/?s={search_term_string}\"},\"query-input\":{\"@type\":\"PropertyValueSpecification\",\"valueRequired\":true,\"valueName\":\"search_term_string\"}}],\"inLanguage\":\"en-US\"},{\"@type\":\"Organization\",\"@id\":\"https:\/\/vaisingumocentras.lt\/#organization\",\"name\":\"Gra\u017einos Bogdanskien\u0117s Vaisingumo Centras\",\"url\":\"https:\/\/vaisingumocentras.lt\/\",\"logo\":{\"@type\":\"ImageObject\",\"inLanguage\":\"en-US\",\"@id\":\"https:\/\/vaisingumocentras.lt\/#\/schema\/logo\/image\/\",\"url\":\"https:\/\/vaisingumocentras.lt\/wp-content\/uploads\/2025\/04\/logo-naujas.jpg\",\"contentUrl\":\"https:\/\/vaisingumocentras.lt\/wp-content\/uploads\/2025\/04\/logo-naujas.jpg\",\"width\":1999,\"height\":1193,\"caption\":\"Gra\u017einos Bogdanskien\u0117s Vaisingumo Centras\"},\"image\":{\"@id\":\"https:\/\/vaisingumocentras.lt\/#\/schema\/logo\/image\/\"}}]}<\/script>\n<!-- \/ Yoast SEO plugin. -->","yoast_head_json":{"title":"Daktaras - Vaisingumocentras.lt","robots":{"index":"index","follow":"follow","max-snippet":"max-snippet:-1","max-image-preview":"max-image-preview:large","max-video-preview":"max-video-preview:-1"},"canonical":"https:\/\/vaisingumocentras.lt\/en\/daktaras\/","og_locale":"en_US","og_type":"article","og_title":"Daktaras - Vaisingumocentras.lt","og_url":"https:\/\/vaisingumocentras.lt\/en\/daktaras\/","og_site_name":"Vaisingumocentras.lt","article_modified_time":"2026-03-23T19:33:41+00:00","og_image":[{"width":2560,"height":1698,"url":"https:\/\/vaisingumocentras.lt\/wp-content\/uploads\/2025\/04\/iStock-477194712-scaled.jpg","type":"image\/jpeg"}],"twitter_card":"summary_large_image","twitter_misc":{"Est. reading time":"4 minutes"},"schema":{"@context":"https:\/\/schema.org","@graph":[{"@type":"WebPage","@id":"https:\/\/vaisingumocentras.lt\/en\/daktaras\/","url":"https:\/\/vaisingumocentras.lt\/en\/daktaras\/","name":"Daktaras - Vaisingumocentras.lt","isPartOf":{"@id":"https:\/\/vaisingumocentras.lt\/#website"},"datePublished":"2025-05-22T17:02:13+00:00","dateModified":"2026-03-23T19:33:41+00:00","breadcrumb":{"@id":"https:\/\/vaisingumocentras.lt\/en\/daktaras\/#breadcrumb"},"inLanguage":"en-US","potentialAction":[{"@type":"ReadAction","target":["https:\/\/vaisingumocentras.lt\/en\/daktaras\/"]}]},{"@type":"BreadcrumbList","@id":"https:\/\/vaisingumocentras.lt\/en\/daktaras\/#breadcrumb","itemListElement":[{"@type":"ListItem","position":1,"name":"Home","item":"https:\/\/vaisingumocentras.lt\/en\/pradzia\/"},{"@type":"ListItem","position":2,"name":"Daktaras"}]},{"@type":"WebSite","@id":"https:\/\/vaisingumocentras.lt\/#website","url":"https:\/\/vaisingumocentras.lt\/","name":"vaisingumocentras.lt","description":"Gra\u017einos Bogdanskien\u0117s Vaisingumo Centras","publisher":{"@id":"https:\/\/vaisingumocentras.lt\/#organization"},"alternateName":"Gra\u017einos Bogdanskien\u0117s Vaisingumo Centras","potentialAction":[{"@type":"SearchAction","target":{"@type":"EntryPoint","urlTemplate":"https:\/\/vaisingumocentras.lt\/?s={search_term_string}"},"query-input":{"@type":"PropertyValueSpecification","valueRequired":true,"valueName":"search_term_string"}}],"inLanguage":"en-US"},{"@type":"Organization","@id":"https:\/\/vaisingumocentras.lt\/#organization","name":"Gra\u017einos Bogdanskien\u0117s Vaisingumo Centras","url":"https:\/\/vaisingumocentras.lt\/","logo":{"@type":"ImageObject","inLanguage":"en-US","@id":"https:\/\/vaisingumocentras.lt\/#\/schema\/logo\/image\/","url":"https:\/\/vaisingumocentras.lt\/wp-content\/uploads\/2025\/04\/logo-naujas.jpg","contentUrl":"https:\/\/vaisingumocentras.lt\/wp-content\/uploads\/2025\/04\/logo-naujas.jpg","width":1999,"height":1193,"caption":"Gra\u017einos Bogdanskien\u0117s Vaisingumo Centras"},"image":{"@id":"https:\/\/vaisingumocentras.lt\/#\/schema\/logo\/image\/"}}]}},"_links":{"self":[{"href":"https:\/\/vaisingumocentras.lt\/en\/wp-json\/wp\/v2\/pages\/575","targetHints":{"allow":["GET"]}}],"collection":[{"href":"https:\/\/vaisingumocentras.lt\/en\/wp-json\/wp\/v2\/pages"}],"about":[{"href":"https:\/\/vaisingumocentras.lt\/en\/wp-json\/wp\/v2\/types\/page"}],"author":[{"embeddable":true,"href":"https:\/\/vaisingumocentras.lt\/en\/wp-json\/wp\/v2\/users\/1"}],"replies":[{"embeddable":true,"href":"https:\/\/vaisingumocentras.lt\/en\/wp-json\/wp\/v2\/comments?post=575"}],"version-history":[{"count":1,"href":"https:\/\/vaisingumocentras.lt\/en\/wp-json\/wp\/v2\/pages\/575\/revisions"}],"predecessor-version":[{"id":1111,"href":"https:\/\/vaisingumocentras.lt\/en\/wp-json\/wp\/v2\/pages\/575\/revisions\/1111"}],"wp:attachment":[{"href":"https:\/\/vaisingumocentras.lt\/en\/wp-json\/wp\/v2\/media?parent=575"}],"curies":[{"name":"wp","href":"https:\/\/api.w.org\/{rel}","templated":true}]}}