{"id":625,"date":"2025-04-22T10:35:02","date_gmt":"2025-04-22T10:35:02","guid":{"rendered":"https:\/\/vaisingumocentras.lt\/privatumo-politika\/"},"modified":"2025-04-22T10:35:02","modified_gmt":"2025-04-22T10:35:02","slug":"privatumo-politika","status":"publish","type":"page","link":"https:\/\/vaisingumocentras.lt\/en\/privatumo-politika\/","title":{"rendered":"Privatumo politika"},"content":{"rendered":"<p>UAB \u201eVAISINGUMO CENTRAS\u201c<\/p>\n<p>PRIVATUMO POLITIKOS TAISYKL\u0116S,<\/p>\n<p>priimtos pagal 2016 m. baland\u017eio 27 d. Europos Parlamento ir Tarybos reglamento (ES) 2016\/679 d\u0117l fizini\u0173 asmen\u0173 apsaugos tvarkant asmens duomenis ir d\u0117l laisvo toki\u0173 duomen\u0173 jud\u0117jimo nuostatas<\/p>\n<p>&nbsp;<\/p>\n<ol>\n<li>PAGRINDIN\u0116S S\u0104VOKOS<\/li>\n<\/ol>\n<ol>\n<li>UAB \u201eVaisingumo centras\u201c, \u012fmon\u0117s kodas 123847393, buvein\u0117s ir korespondencijos adresas Juozo Bal\u010dikonio g. 3-280, LT-08247 Vilnius, kontaktai: el. p. info@vaisingumocentras.lt, tel. nr. +370 (687) 80 605. Toliau vaizdo duomen\u0173 tvarkymo ir naudojimo taisykl\u0117se \u201eBendrov\u0117\u201c.<\/li>\n<li>Vaisingumocentras.lt \u2013 elektronin\u0117 svetain\u0117, esanti adresu vaisingumocentras.lt.<\/li>\n<li>Vartotojas \u2013 veiksnus fizinis asmuo, t.y. asmuo, sulauk\u0119s pilnametyst\u0117s, kurio veiksnumas n\u0117ra apribotas teismo tvarka.<\/li>\n<li>Paslaugos \u2013 visos vaisingumocentras.lt vartotojui teikiamos sveikatos prie\u017ei\u016bros ir gydymo paslaugos.<\/li>\n<li>Nar\u0161ykl\u0117 \u2013 yra programa, skirta atvaizduoti internetinius puslapius (tinklalapius) \u017einiatinklyje ar asmeniniame kompiuteryje.<\/li>\n<li>Asmens duomenys \u2013 bet kuri informacija, susijusi su fiziniu asmeniu \u2013 duomen\u0173 subjektu, kurio tapatyb\u0117 yra \u017einoma arba gali b\u016bti tiesiogiai ar netiesiogiai nustatyta pasinaudojant tokiais duomenimis kaip asmens kodas, vienas arba keli asmeniui b\u016bdingi fizinio, fiziologinio, psichologinio, ekonominio, kult\u016brinio ar socialinio pob\u016bd\u017eio po\u017eymiai.<\/li>\n<li>Privatumo politika \u2013 \u0161is dokumentas, kuriame yra numatytos pagrindin\u0117s Asmens duomen\u0173 rinkimo, kaupimo, tvarkymo ir laikymo taisykl\u0117s, naudojantis vaisingumocentras.lt.<\/li>\n<li>IP adresas \u2013 kiekvienam prie interneto prijungtam kompiuteriui priskirtas unikalus numeris, kuris \u017einomas kaip interneto protokolo (IP) adresas ir pagal kur\u012f galima identifikuoti asmen\u012f.<\/li>\n<\/ol>\n<p>&nbsp;<\/p>\n<ol>\n<li value=\"2\">BENDROSIOS NUOSTATOS<\/li>\n<\/ol>\n<ol>\n<li>Vaisingumocentras.lt Privatumo politikoje numatytos pagrindin\u0117s Asmens duomen\u0173 rinkimo, kaupimo ir j\u0173 tvarkymo taisykl\u0117s Vartotojui naudojantis vaisingumocentras.lt si\u016blomomis sveikatos prie\u017ei\u016bros ir gydymo Paslaugomis.<\/li>\n<li>Privatumo politika skirta apsaugoti ir ginti vaisingumocentras.lt Vartotoj\u0173 Asmens duomenis nuo neteis\u0117to naudojimo.<\/li>\n<li>Asmenys yra laikomi susipa\u017einusiais su \u0161ia Politika, kai u\u017epildydami registracijos form\u0105 pa\u017eymi, kad sutinka su Privatumo politikos taisykl\u0117mis.<\/li>\n<li>Privatumo politikos taisykli\u0173 tikslas \u2013 reglamentuoti asmens duomen\u0173 tvarkym\u0105 Bendrov\u0117s interniatiniame puslapyje vaisingumocentras.lt, u\u017etikrinant 2016 m. baland\u017eio 27 d. Europos Parlamento ir Tarybos reglamento (ES) 2016\/679 d\u0117l fizini\u0173 asmen\u0173 apsaugos tvarkant asmens duomenis ir d\u0117l laisvo toki\u0173 duomen\u0173 jud\u0117jimo nuostatas, Lietuvos Respublikos asmens duomen\u0173 teisin\u0117s apsaugos \u012fstatymo bei kit\u0173 susijusi\u0173 teis\u0117s akt\u0173 laikym\u0105si ir \u012fgyvendinim\u0105.<\/li>\n<li>Bendrov\u0117 renka vartotojo Asmens duomenis, kuriuos jis savanori\u0161kai pateikia elektroniniu pa\u0161tu, registruotu pa\u0161tu, faksu, telefonu, tiesiogiai atvyk\u0119s \u012f Bendrov\u0117s veiklos viet\u0105 ar naudodamasis Bendrov\u0117s internetiniu puslapiu.<\/li>\n<li>Asmenys, norintys registruotis vaisingumocentras.lt, privalo pateikti \u0161iuos privalomus rekvizitus: (i) Vardas; (ii) Pavard\u0117; (iii) El. pa\u0161tas; (iv) Tel. Nr. Registracijos metu n\u0117ra sukuriama Paskyra.<\/li>\n<li>Bendrov\u0117s interniatiniame puslapyje vaisingumocentras.lt gali b\u016bti pateikiamos nuorodos \u012f ir i\u0161 Bendrov\u0117s partneri\u0173, reklamos tiek\u0117j\u0173, susijusi\u0173 asmen\u0173 tinklapi\u0173. Pra\u0161ome atkreipti d\u0117mes\u012f, kad kit\u0173 asmen\u0173 tinklalapiai, \u012f kuriuos Vartotojai patenka, rinkdamiesi nuorodos interniatiniame puslapyje vaisingumocentras.lt, turi savo privatumo politikas ir Bendrov\u0117 neprisiima jokios atsakomyb\u0117s d\u0117l \u0161i\u0173 privatumo politik\u0173. Rekomenduojama Vartotojams susipa\u017einti su \u0161i\u0173 kit\u0173 tinklalapi\u0173 privatumo politikomis prie\u0161 pateikiant jose bet kokius savo Asmeninius duomenis.<\/li>\n<\/ol>\n<p>&nbsp;<\/p>\n<ol>\n<li value=\"3\">ASMENS DUOMEN\u0172 SAUGOJIMO IR NAUDOJIMO TVARKA<\/li>\n<\/ol>\n<ol>\n<li>Vartotojas sutinka, kad jo vardas, pavard\u0117, elektroninio pa\u0161to adresas, telefono numeris, IP adresas vaisingumocentras.lt b\u016bt\u0173 tvarkomi veiklos analiz\u0117s tikslais. Jeigu Vartotojas nepageidauja, jog duomenys b\u016bt\u0173 renkami ir saugojami turi teis\u0119 nepildyti ir nepateikti registracijos formos.<\/li>\n<li>Bendrov\u0117 patvirtina, jog Vartotojo nurodyti Asmens duomenys bus tvarkomi tik siekiant tinkamai suteikti Vartotojams elektronin\u0117je svetain\u0117je vaisingumocentras.lt teikiamas Paslaugas.<\/li>\n<li>Asmens duomenys, pateikti pildant registracijos form\u0105 ar elektroniniu pa\u0161tu bus saugomi 6 (\u0161e\u0161is) m\u0117nesius nuo pateikimo momento.<\/li>\n<li>Bendrov\u0117 \u012fsipareigoja neatskleisti Vartotojo Asmens duomen\u0173 tretiesiems asmenims, i\u0161skyrus \u0161iuos atvejus:\n<ol>\n<li value=\"4.1\">Jeigu yra Vartotojo sutikimas Asmens duomen\u0173 atskleidimui;<\/li>\n<li value=\"4.2\">Bendrov\u0117s partnerius, teikian\u010dius paslaugas, susijusias su Vartotojo u\u017esakytomis Paslaugomis tinkamu \u012fvykdymu;<\/li>\n<li value=\"4.3\">Bendrov\u0117 taip pat gali perduoti Vartotojo Asmens duomenis tretiesiems asmenims, kurie Bendrov\u0117s vardu veikia kaip Duomen\u0173 tvarkytojai. Asmens duomenys gali b\u016bti teikiami tik tiems Duomen\u0173 tvarkytojams, su kuriais Bendrov\u0117 yra pasira\u0161iusi atitinkamas sutartis ar bendradarbiavimo sutartyse yra nuostatos aptarian\u010dios asmens duomen\u0173 perdavim\u0105\/teikim\u0105 ir Duomen\u0173 tvarkytojas u\u017etikrina adekva\u010di\u0105 perduodam\u0173 asmens duomen\u0173 apsaug\u0105;<\/li>\n<li value=\"4.4\">Visais kitais atvejais, Vartotojo Asmens duomenys tretiesiems asmenims gali b\u016bti atskleid\u017eiami tik Lietuvos Respublikos teis\u0117s akt\u0173 numatyta tvarka. Duomen\u0173 subjekto asmens duomenis Bendrov\u0117 gali perduoti vyriausybin\u0117ms ar teis\u0117saugos institucijoms, joms pareikalavus.<\/li>\n<\/ol>\n<\/li>\n<li>Nepaisant to, kad Bendrov\u0117 deda visas protingas pastangas tam, kad apsaugot\u0173 Asmen\u0173 duomenis, Bendrov\u0117 negali garantuoti saugaus duomen\u0173 perdavimo elektroninei svetainei. Bet kokios duomen\u0173 perdavimo proced\u016bros yra atliekamos i\u0161imtinai Vartotojo rizika. Nuo duomen\u0173 gavimo momento, Bendrov\u0117 taiko itin grie\u017etas Vartotojo Asmens duomen\u0173 apsaugos tvarkas bei technines ir organizacines priemones tam, kad b\u016bt\u0173 u\u017etikrinta apsauga nuo nepatvirtintos prieigos prie Asmen\u0173 duomen\u0173.<\/li>\n<li>Bendrov\u0117 naudoja Vartotojo Asmen\u0173 duomenis, tam, kad:\n<ol>\n<li value=\"6.1\">U\u017etikrint\u0173, jog internetin\u0117s svetain\u0117s vaisingumocentras.lt turinys yra pateikiamas efektyviausiu ir tinkamiausiu Vartotojams b\u016bdu;<\/li>\n<li value=\"6.2\">Suteikt\u0173 Vartotojams informacij\u0105, Paslaugas, kuri\u0173 Vartotojai pageidauja arba, kurie gal\u0117t\u0173 sudominti Vartotojus tuo atveju, jeigu Vartotojai yra dav\u0119 sutikimus b\u016bti informuoti \u0161iuo tikslu;<\/li>\n<li value=\"6.3\">Vartotojai b\u016bt\u0173 informuoti apie Bendrov\u0117s teikiam\u0173 Paslaug\u0173 pakeitimus.<\/li>\n<\/ol>\n<\/li>\n<li>Bendrov\u0117 tai pat naudoja Vartotoj\u0173, \u012fsigijusi\u0173 Paslaugas, kontaktinius duomenis rinkos tyrimo tikslais, siekiant \u012fvertinti Bendrov\u0117s klient\u0173 pasitenkinim\u0105 Bendrov\u0117s veikla ir, atsi\u017evelgiant \u012f tai, gerinant Bendrov\u0117s veiklos kokyb\u0119. Atsakymai, pateikiami \u012f \u0161iuo tikslus siun\u010diamus el. prane\u0161imus ir (ar) skambu\u010dius yra anonimi\u0161ki. Tuo atveju, jeigu Vartotojas nenori gauti toki\u0173 el. prane\u0161im\u0173 ir (ar) skambu\u010di\u0173, jis gali informuoti Bendrov\u0119 apie toki\u0173 prane\u0161im\u0173 atsisakym\u0105 elektroniniu pa\u0161tu info@vaisingumocentras.lt.<\/li>\n<\/ol>\n<p>&nbsp;<\/p>\n<p>&nbsp;<\/p>\n<ol>\n<li value=\"4\">VARTOTOJO TEIS\u0116S<\/li>\n<\/ol>\n<ol>\n<li>Vartotojas turi \u0161ias pagrindines teises vaisingumocentras.lt svetain\u0117je:\n<ol>\n<li value=\"1.1\">\u017dinoti apie savo asmenini\u0173 duomen\u0173 tvarkym\u0105;<\/li>\n<li value=\"1.2\">Susipa\u017einti su savo asmeniniais duomenimis ir kaip jie yra tvarkomi;<\/li>\n<li value=\"1.3\">Reikalauti i\u0161taisyti ar sunaikinti Vartotojo asmeninius duomenis, kuriais disponuoja Bendrov\u0117<\/li>\n<li value=\"1.4\">Nesutikti, kad b\u016bt\u0173 tvarkomi Vartotojo asmens duomenys.<\/li>\n<\/ol>\n<\/li>\n<li>Vartotojas, pateik\u0119s pra\u0161ym\u0105 ra\u0161tu (kartu prid\u0117damas asmens tapatyb\u0119 patvirtinant\u012f dokument\u0105), turi teis\u0119 susipa\u017einti su vaisingumocentras.lt svetain\u0117je tvarkomais Vartotojo asmens duomenimis bei gauti informacij\u0105, i\u0161 koki\u0173 \u0161altini\u0173 ir kokie Vartotojo Asmens duomenys surinkti, kokiu tikslu jie tvarkomi ir kam teikiami. Bendrov\u0117, gavusi Vartotojo pra\u0161ym\u0105 ne v\u0117liau kaip per 30 kalendorini\u0173 dien\u0173 nuo Vartotojo pra\u0161ymo gavimo dienos pateikia pra\u0161omus duomenis arba nurodo atsisakymo tenkinti tok\u012f pra\u0161ym\u0105 prie\u017eastis tokia pat forma, kokia kreip\u0117si Vartotojas arba Vartotojas sutiko gauti informacij\u0105 apie duomenis kitu Bendrov\u0117s pasi\u016blytu b\u016bdu.<\/li>\n<li>Vartotojas pra\u0161ym\u0105 d\u0117l susipa\u017einimo, koregavimo ar panaikinimo su jo at\u017evilgiu Bendrov\u0117s surinktais Asmens duomenimis gali pateikti el. pa\u0161tu info@vaisingumocentras.lt arba registruotu pa\u0161tu Bendrov\u0117s adresu Juozo Bal\u010dikonio g. 3-280, LT-08247 Vilnius.<\/li>\n<li>Paslaug\u0173 suteikimo momentu Bendrov\u0117s darbuotojai gali Vartotojo papra\u0161yti pateikti asmens tapatyb\u0119 patvirtinant\u012f dokument\u0105, kuris naudojamas tik tinkamam asmens tapatyb\u0117s identifikavimui. Tokiu atveju, n\u0117ra daromos asmens tapatyb\u0119 patvirtinan\u010dio dokumento kopijos.<\/li>\n<li>Bendrov\u0117 vidini\u0173 organizacini\u0173 ir technini\u0173 priemoni\u0173 pagalba u\u017etikrina, jog Vartotojo pateikiami Asmens duomenys info@vaisingumocentras.lt b\u016bt\u0173 apsaugoti nuo bet koki\u0173 neteis\u0117t\u0173 veiksm\u0173: (i) Neteis\u0117to Asmens duomen\u0173 pakeitimo; (ii) Atskleidimo; (iii) Sunaikinimo; (iv) Asmens tapatyb\u0117s vagyst\u0117s; (v) Suk\u010diavimo.<\/li>\n<li>Bet kok\u012f pra\u0161ym\u0105 ar \u00a0nurodym\u0105, susijus\u012f su Asmens duomen\u0173 tvarkymu, Vartotojas turi pateikti Bendrovei ra\u0161tu vienu i\u0161 \u0161i\u0173 b\u016bd\u0173: (i) I\u0161si\u0173sdamas tok\u012f pra\u0161ym\u0105 ar nurodym\u0105 Bendrovei registruotu pa\u0161tu adresu Juozo Bal\u010dikonio g. 3-280, LT-08247 Vilnius; (ii) I\u0161si\u0173sdamas tok\u012f pra\u0161ym\u0105 ar nurodym\u0105 elektroninio pa\u0161to adresu info@vaisingumocentras.lt.<\/li>\n<li>Asmen\u0173 skundus d\u0117l netinkamo ar neteis\u0117to Asmens duomen\u0173 tvarkymo nagrin\u0117ja Valstybin\u0117 duomen\u0173 apsaugos inspekcija, buvein\u0117s adresas A. Juozapavi\u010diaus g. 6, LT-09310 Vilnius, www.ada.lt.<\/li>\n<\/ol>\n<p>&nbsp;<\/p>\n<ol>\n<li value=\"5\">BAIGIAMOSIOS NUOSTATOS<\/li>\n<\/ol>\n<ol>\n<li>Su Privatumo politika galima susipa\u017einti ir j\u0105 atsispausdinti bet kuriuo metu vaisingumocentras.lt. Apie visus b\u016bsimus Privatumo politikos pasikeitimus ir\/ar papildymus Vartotojai visuomet bus informuoti nauj\u0105j\u0105 Privatumo Politikos redakcij\u0105 paskelbiant vaisingumocentras.lt, ir sudarant technin\u0119 galimyb\u0119 Vartotojams pirm\u0105 kart\u0105 jungiantis prie vaisingumocentras.lt esant naujai Privatumo Politikos versijai \u00a0j\u0105 perskaityti ir patvirtinti.<\/li>\n<li>Bendrov\u0117 neatsako u\u017e ry\u0161io sutrikimus, d\u0117l kuri\u0173 Bendrov\u0117s internetinio puslapio Vartotojai ir kiti asmenys negali pasiekti internetinio puslapio ar naudotis paslaugomis.<\/li>\n<li>Bendrov\u0117 neturi galimyb\u0117s visi\u0161kai garantuoti, kad Bendrov\u0117s internetinio puslapio funkcionavimas bus nepertraukiamas ir be joki\u0173 sutrikim\u0173 bei klaid\u0173, kad Bendrov\u0117s internetinis puslapis bus visi\u0161kai apsaugotas nuo virus\u0173 ar kit\u0173 kenksming\u0173 komponent\u0173. Vartotojas yra informuojamas, kad bet kokia med\u017eiaga, kuri\u0105 Vartotojas skaito, atsisiun\u010dia ar kitaip gauna naudodamasis Bendrov\u0117s internetiniu puslapiu,\u00a0 yra i\u0161imtinai gaunamas Vartotojo nuo\u017ei\u016bra bei rizika, ir tik Vartotojas atsako u\u017e \u017eal\u0105, padaryt\u0105 Vartotojui bei Vartotojo kompiuterinei sistemai.<\/li>\n<li>Vartotoj\u0173 klausimai, komentarai bei pageidavimai, susij\u0119 su Privatumo politika, pateikiami elektroninio pa\u0161to adresu info@vaisingumocentras.lt.<\/li>\n<\/ol>\n","protected":false},"excerpt":{"rendered":"<p>UAB \u201eVAISINGUMO CENTRAS\u201c PRIVATUMO POLITIKOS TAISYKL\u0116S, priimtos pagal 2016 m. baland\u017eio 27 d. Europos Parlamento ir Tarybos reglamento (ES) 2016\/679<\/p>\n","protected":false},"author":1,"featured_media":0,"parent":0,"menu_order":0,"comment_status":"closed","ping_status":"closed","template":"","meta":{"footnotes":""},"class_list":["post-625","page","type-page","status-publish","hentry"],"yoast_head":"<!-- This site is optimized with the Yoast SEO plugin v27.2 - https:\/\/yoast.com\/product\/yoast-seo-wordpress\/ -->\n<title>Privatumo politika - Vaisingumocentras.lt<\/title>\n<meta name=\"description\" content=\"UAB \u201eVAISINGUMO CENTRAS\u201c PRIVATUMO POLITIKOS TAISYKL\u0116S, priimtos pagal 2016 m. baland\u017eio 27 d. Europos Parlamento ir Tarybos reglamento (ES) 2016\/679 d\u0117l\" \/>\n<meta name=\"robots\" content=\"index, follow, max-snippet:-1, max-image-preview:large, max-video-preview:-1\" \/>\n<link rel=\"canonical\" href=\"https:\/\/vaisingumocentras.lt\/en\/privatumo-politika\/\" \/>\n<meta property=\"og:locale\" content=\"en_US\" \/>\n<meta property=\"og:type\" content=\"article\" \/>\n<meta property=\"og:title\" content=\"Privatumo politika - Vaisingumocentras.lt\" \/>\n<meta property=\"og:description\" content=\"UAB \u201eVAISINGUMO CENTRAS\u201c PRIVATUMO POLITIKOS TAISYKL\u0116S, priimtos pagal 2016 m. baland\u017eio 27 d. Europos Parlamento ir Tarybos reglamento (ES) 2016\/679 d\u0117l\" \/>\n<meta property=\"og:url\" content=\"https:\/\/vaisingumocentras.lt\/en\/privatumo-politika\/\" \/>\n<meta property=\"og:site_name\" content=\"Vaisingumocentras.lt\" \/>\n<meta property=\"og:image\" content=\"https:\/\/vaisingumocentras.lt\/wp-content\/uploads\/2025\/04\/iStock-477194712-scaled.jpg\" \/>\n\t<meta property=\"og:image:width\" content=\"2560\" \/>\n\t<meta property=\"og:image:height\" content=\"1698\" \/>\n\t<meta property=\"og:image:type\" content=\"image\/jpeg\" \/>\n<meta name=\"twitter:card\" content=\"summary_large_image\" \/>\n<meta name=\"twitter:label1\" content=\"Est. reading time\" \/>\n\t<meta name=\"twitter:data1\" content=\"7 minutes\" \/>\n<script type=\"application\/ld+json\" class=\"yoast-schema-graph\">{\"@context\":\"https:\/\/schema.org\",\"@graph\":[{\"@type\":\"WebPage\",\"@id\":\"https:\/\/vaisingumocentras.lt\/en\/privatumo-politika\/\",\"url\":\"https:\/\/vaisingumocentras.lt\/en\/privatumo-politika\/\",\"name\":\"Privatumo politika - Vaisingumocentras.lt\",\"isPartOf\":{\"@id\":\"https:\/\/vaisingumocentras.lt\/#website\"},\"datePublished\":\"2025-04-22T10:35:02+00:00\",\"description\":\"UAB \u201eVAISINGUMO CENTRAS\u201c PRIVATUMO POLITIKOS TAISYKL\u0116S, priimtos pagal 2016 m. baland\u017eio 27 d. Europos Parlamento ir Tarybos reglamento (ES) 2016\/679 d\u0117l\",\"breadcrumb\":{\"@id\":\"https:\/\/vaisingumocentras.lt\/en\/privatumo-politika\/#breadcrumb\"},\"inLanguage\":\"en-US\",\"potentialAction\":[{\"@type\":\"ReadAction\",\"target\":[\"https:\/\/vaisingumocentras.lt\/en\/privatumo-politika\/\"]}]},{\"@type\":\"BreadcrumbList\",\"@id\":\"https:\/\/vaisingumocentras.lt\/en\/privatumo-politika\/#breadcrumb\",\"itemListElement\":[{\"@type\":\"ListItem\",\"position\":1,\"name\":\"Home\",\"item\":\"https:\/\/vaisingumocentras.lt\/en\/pradzia\/\"},{\"@type\":\"ListItem\",\"position\":2,\"name\":\"Privatumo politika\"}]},{\"@type\":\"WebSite\",\"@id\":\"https:\/\/vaisingumocentras.lt\/#website\",\"url\":\"https:\/\/vaisingumocentras.lt\/\",\"name\":\"vaisingumocentras.lt\",\"description\":\"Gra\u017einos Bogdanskien\u0117s Vaisingumo Centras\",\"publisher\":{\"@id\":\"https:\/\/vaisingumocentras.lt\/#organization\"},\"alternateName\":\"Gra\u017einos Bogdanskien\u0117s Vaisingumo Centras\",\"potentialAction\":[{\"@type\":\"SearchAction\",\"target\":{\"@type\":\"EntryPoint\",\"urlTemplate\":\"https:\/\/vaisingumocentras.lt\/?s={search_term_string}\"},\"query-input\":{\"@type\":\"PropertyValueSpecification\",\"valueRequired\":true,\"valueName\":\"search_term_string\"}}],\"inLanguage\":\"en-US\"},{\"@type\":\"Organization\",\"@id\":\"https:\/\/vaisingumocentras.lt\/#organization\",\"name\":\"Gra\u017einos Bogdanskien\u0117s Vaisingumo Centras\",\"url\":\"https:\/\/vaisingumocentras.lt\/\",\"logo\":{\"@type\":\"ImageObject\",\"inLanguage\":\"en-US\",\"@id\":\"https:\/\/vaisingumocentras.lt\/#\/schema\/logo\/image\/\",\"url\":\"https:\/\/vaisingumocentras.lt\/wp-content\/uploads\/2025\/04\/logo-naujas.jpg\",\"contentUrl\":\"https:\/\/vaisingumocentras.lt\/wp-content\/uploads\/2025\/04\/logo-naujas.jpg\",\"width\":1999,\"height\":1193,\"caption\":\"Gra\u017einos Bogdanskien\u0117s Vaisingumo Centras\"},\"image\":{\"@id\":\"https:\/\/vaisingumocentras.lt\/#\/schema\/logo\/image\/\"}}]}<\/script>\n<!-- \/ Yoast SEO plugin. -->","yoast_head_json":{"title":"Privatumo politika - Vaisingumocentras.lt","description":"UAB \u201eVAISINGUMO CENTRAS\u201c PRIVATUMO POLITIKOS TAISYKL\u0116S, priimtos pagal 2016 m. baland\u017eio 27 d. Europos Parlamento ir Tarybos reglamento (ES) 2016\/679 d\u0117l","robots":{"index":"index","follow":"follow","max-snippet":"max-snippet:-1","max-image-preview":"max-image-preview:large","max-video-preview":"max-video-preview:-1"},"canonical":"https:\/\/vaisingumocentras.lt\/en\/privatumo-politika\/","og_locale":"en_US","og_type":"article","og_title":"Privatumo politika - Vaisingumocentras.lt","og_description":"UAB \u201eVAISINGUMO CENTRAS\u201c PRIVATUMO POLITIKOS TAISYKL\u0116S, priimtos pagal 2016 m. baland\u017eio 27 d. Europos Parlamento ir Tarybos reglamento (ES) 2016\/679 d\u0117l","og_url":"https:\/\/vaisingumocentras.lt\/en\/privatumo-politika\/","og_site_name":"Vaisingumocentras.lt","og_image":[{"width":2560,"height":1698,"url":"https:\/\/vaisingumocentras.lt\/wp-content\/uploads\/2025\/04\/iStock-477194712-scaled.jpg","type":"image\/jpeg"}],"twitter_card":"summary_large_image","twitter_misc":{"Est. reading time":"7 minutes"},"schema":{"@context":"https:\/\/schema.org","@graph":[{"@type":"WebPage","@id":"https:\/\/vaisingumocentras.lt\/en\/privatumo-politika\/","url":"https:\/\/vaisingumocentras.lt\/en\/privatumo-politika\/","name":"Privatumo politika - Vaisingumocentras.lt","isPartOf":{"@id":"https:\/\/vaisingumocentras.lt\/#website"},"datePublished":"2025-04-22T10:35:02+00:00","description":"UAB \u201eVAISINGUMO CENTRAS\u201c PRIVATUMO POLITIKOS TAISYKL\u0116S, priimtos pagal 2016 m. baland\u017eio 27 d. Europos Parlamento ir Tarybos reglamento (ES) 2016\/679 d\u0117l","breadcrumb":{"@id":"https:\/\/vaisingumocentras.lt\/en\/privatumo-politika\/#breadcrumb"},"inLanguage":"en-US","potentialAction":[{"@type":"ReadAction","target":["https:\/\/vaisingumocentras.lt\/en\/privatumo-politika\/"]}]},{"@type":"BreadcrumbList","@id":"https:\/\/vaisingumocentras.lt\/en\/privatumo-politika\/#breadcrumb","itemListElement":[{"@type":"ListItem","position":1,"name":"Home","item":"https:\/\/vaisingumocentras.lt\/en\/pradzia\/"},{"@type":"ListItem","position":2,"name":"Privatumo politika"}]},{"@type":"WebSite","@id":"https:\/\/vaisingumocentras.lt\/#website","url":"https:\/\/vaisingumocentras.lt\/","name":"vaisingumocentras.lt","description":"Gra\u017einos Bogdanskien\u0117s Vaisingumo Centras","publisher":{"@id":"https:\/\/vaisingumocentras.lt\/#organization"},"alternateName":"Gra\u017einos Bogdanskien\u0117s Vaisingumo Centras","potentialAction":[{"@type":"SearchAction","target":{"@type":"EntryPoint","urlTemplate":"https:\/\/vaisingumocentras.lt\/?s={search_term_string}"},"query-input":{"@type":"PropertyValueSpecification","valueRequired":true,"valueName":"search_term_string"}}],"inLanguage":"en-US"},{"@type":"Organization","@id":"https:\/\/vaisingumocentras.lt\/#organization","name":"Gra\u017einos Bogdanskien\u0117s Vaisingumo Centras","url":"https:\/\/vaisingumocentras.lt\/","logo":{"@type":"ImageObject","inLanguage":"en-US","@id":"https:\/\/vaisingumocentras.lt\/#\/schema\/logo\/image\/","url":"https:\/\/vaisingumocentras.lt\/wp-content\/uploads\/2025\/04\/logo-naujas.jpg","contentUrl":"https:\/\/vaisingumocentras.lt\/wp-content\/uploads\/2025\/04\/logo-naujas.jpg","width":1999,"height":1193,"caption":"Gra\u017einos Bogdanskien\u0117s Vaisingumo Centras"},"image":{"@id":"https:\/\/vaisingumocentras.lt\/#\/schema\/logo\/image\/"}}]}},"_hostinger_reach_plugin_has_subscription_block":false,"_hostinger_reach_plugin_is_elementor":false,"_links":{"self":[{"href":"https:\/\/vaisingumocentras.lt\/en\/wp-json\/wp\/v2\/pages\/625","targetHints":{"allow":["GET"]}}],"collection":[{"href":"https:\/\/vaisingumocentras.lt\/en\/wp-json\/wp\/v2\/pages"}],"about":[{"href":"https:\/\/vaisingumocentras.lt\/en\/wp-json\/wp\/v2\/types\/page"}],"author":[{"embeddable":true,"href":"https:\/\/vaisingumocentras.lt\/en\/wp-json\/wp\/v2\/users\/1"}],"replies":[{"embeddable":true,"href":"https:\/\/vaisingumocentras.lt\/en\/wp-json\/wp\/v2\/comments?post=625"}],"version-history":[{"count":0,"href":"https:\/\/vaisingumocentras.lt\/en\/wp-json\/wp\/v2\/pages\/625\/revisions"}],"wp:attachment":[{"href":"https:\/\/vaisingumocentras.lt\/en\/wp-json\/wp\/v2\/media?parent=625"}],"curies":[{"name":"wp","href":"https:\/\/api.w.org\/{rel}","templated":true}]}}