{"id":639,"date":"2025-04-22T08:07:39","date_gmt":"2025-04-22T08:07:39","guid":{"rendered":"https:\/\/vaisingumocentras.lt\/proceduros\/kiausialasciu-ir-spermos-saldymas\/"},"modified":"2025-04-22T08:07:39","modified_gmt":"2025-04-22T08:07:39","slug":"kiausialasciu-ir-spermos-saldymas","status":"publish","type":"page","link":"https:\/\/vaisingumocentras.lt\/en\/procedures\/kiausialasciu-ir-spermos-saldymas\/","title":{"rendered":"Kiau\u0161ial\u0105s\u010di\u0173 ir spermos \u0161aldymas"},"content":{"rendered":"<div class=\"wpb-content-wrapper\"><p>[vc_row][vc_column]\t\t<div id=\"wd-6809e5b81ca6a\" class=\"wd-text-block wd-wpb reset-last-child wd-rs-6809e5b81ca6a text-left \">\n\t\t\t<p>M\u016bs\u0173 Vaisingumo Centras teikia kiau\u0161ial\u0105s\u010di\u0173 ir spermos \u0161aldymo proced\u016bras. S\u0117kminga kiau\u0161ial\u0105s\u010di\u0173 \u0161aldymo proced\u016bra suteikia galimyb\u0119 pacient\u0117ms tur\u0117ti prieig\u0105 prie savo kiau\u0161ial\u0105s\u010di\u0173 ilgesn\u012f laiko tarp\u0105.<\/p>\n<p>U\u017e\u0161aldytos kiau\u0161ial\u0105st\u0117s leid\u017eia bandyti pastoti v\u0117l\u0117sniame gyvenimo laikotarpyje, kai yra galutinai apsisprend\u017eiama, jog norima tur\u0117ti vaik\u0173. Einant metams, pastojimo galimyb\u0117 ma\u017e\u0117ja, ir am\u017eius gali sukelti vien\u0173 ar kit\u0173 vaisingumo problem\u0173. U\u017e\u0161ald\u017eius kiau\u0161ial\u0105stes, to yra i\u0161vengiama. Taip pat kiau\u0161ial\u0105s\u010di\u0173 \u0161aldymas yra rekomenduojamas pacient\u0117ms, kurios nori pastoti, bet nenori donoro spermos ir vis dar laukia tinkamo partnerio, ir moterims, teikian\u010dioms pirmenyb\u0119 karjerai, o ne motinystei. \u0160i proced\u016bra yra ypatingai rekomenduojama pacient\u0117ms, kurioms yra paskirtas gydymas, galintis paveikti j\u0173 vaisingum\u0105, kaip chemoterapija arba radioterapija. U\u017e\u0161aldytos kiau\u0161ial\u0105st\u0117s, kai j\u0173 prireikia, gali b\u016bti panaudojamos pacient\u0117s apvaisinimui IVF proced\u016bros metu. Kiau\u0161ial\u0105s\u010di\u0173 vitrifikacija &#8211; taip pat b\u016bdas i\u0161saugoti nepanaudotas kiau\u0161ial\u0105stes dirbtinio apvaisinimo metu, kuomet gaut\u0173 kiau\u0161ial\u0105s\u010di\u0173 skai\u010dius yra didelis, o spermatozoid\u0173 jas apvaisinti nepakanka.<\/p>\n<p>Nors embrion\u0173 \u0161aldymas teb\u0117ra stadartin\u0117 vaisingumo i\u0161saugojimo proced\u016bra, m\u016bs\u0173 Vaisingumo Centras si\u016blo tiek embrion\u0173, tiek kiau\u0161ial\u0105s\u010di\u0173, tiek spermos \u0161aldym\u0105, ir yra pasiry\u017e\u0119s priimti visus pacientus, norin\u010dius i\u0161saugoti savo vaisingum\u0105 atei\u010diai.<\/p>\n<h4>Procesas<\/h4>\n<p>Kiau\u0161ial\u0105st\u0117s, kaip ir embrionai, taip pat yra \u0161aldomos naudojantis vitrifikacijos metodu. U\u017e\u0161aldant kiau\u0161ial\u0105st\u0119s paprastai, susiformuoja ledo kristalai. B\u016btent \u0161ie kristalai yra tai, kas palaiko ledo form\u0105. Nors ledo gabalas gali atrodyti vientisas ir lygus, ledo kristalai yra sudaryti i\u0161 labai a\u0161tri\u0173 briaun\u0173, galin\u010di\u0173 lengvai suardyti l\u0105stelinius audinius (kiau\u0161ial\u0105stes).<\/p>\n<p>Vitrifikacijos metodas leid\u017eia to i\u0161vengti. \u0160is procesas yra sudarytas i\u0161 dviej\u0173 etap\u0173. Pirmiausia i\u0161 i\u0161gaut\u0173 kiau\u0161ial\u0105s\u010di\u0173 yra pa\u0161alinamas visas vanduo. Po to, kiau\u0161ial\u0105st\u0117s yra akimirksiu u\u017e\u0161aldomos. U\u017e\u0161aldymas vykdomas 10.000 laipsni\u0173 Celsijaus per minut\u0119 grei\u010diu, ir b\u016btent d\u0117l tokio didelio grei\u010dio ledo kristalai nesp\u0117ja susiformuoti, ir kiau\u0161ial\u0105st\u0117s lieka saugios. U\u017e\u0161aldytos kiau\u0161ial\u0105st\u0117s yra laikomos skystame azote, bent -196 laipsni\u0173 Celsijaus temperat\u016broje. Tokiame \u0161altyje visi biologiniai procesai, \u012fskaitaint ir l\u0105steli\u0173 dalinimosi bei augimo, sustoja, ir kiau\u0161ial\u0105st\u0117s yra laikomos sustingusios laike iki kol j\u0173 v\u0117l gali prireikti IVF proced\u016broje.<\/p>\n<h4>Spermos \u0161aldymas<\/h4>\n<p>Spermos \u0161aldymas\u00a0&#8211; galimyb\u0117 ateityje tur\u0117ti vaik\u0173, kai pacientui numatomas onkologini\u0173 lig\u0173 chemoterapinis, rentgenoterapinis ar operacinis gydymas. Vyrui pasveikus, at\u0161ildyta sperma gali b\u016bti panaudojama apvaisinti jo partner\u0119 taikant pagalbinio apvaisinimo proced\u016bras.<\/p>\n\t\t<\/div>\n\t\t[\/vc_column][\/vc_row][vc_row][vc_column]\n\t\t<div id=\"wd-6809f43251c0a\" class=\"title-wrapper wd-wpb wd-set-mb reset-last-child  wd-rs-6809f43251c0a wd-title-color-default wd-title-style-default text-left  wd-underline-colored\">\n\t\t\t\n\t\t\t<div class=\"liner-continer\">\n\t\t\t\t<h4 class=\"woodmart-title-container title  wd-font-weight- wd-fontsize-l\" >KITOS PROCED\u016aROS<\/h4>\n\t\t\t\t\t\t\t<\/div>\n\t\t\t\n\t\t\t\n\t\t\t\n\t\t<\/div>\n\t\t\n\t\t[\/vc_column][\/vc_row][vc_row][vc_column]\n\t\t\t<div id=\"carousel-257\" class=\"wd-carousel-container banners-carousel-wrapper   wd-rs-6809f44d7a121\">\n\t\t\t\t<div class=\"wd-carousel-inner\">\n\t\t\t\t\t<div class=\"wd-carousel wd-grid banners-carousel \" data-speed=\"5000\" data-autoplay=\"yes\" data-autoheight=\"yes\" data-scroll_per_page=\"yes\" style=\"--wd-col-lg:3;--wd-col-md:3;--wd-col-sm:1;--wd-gap-lg:30px;--wd-gap-sm:10px;\">\n\t\t\t\t\t\t<div class=\"wd-carousel-wrap\">\n\t\t\t\t\t\t\t\t\t<div class=\"promo-banner-wrapper  wd-rs-6809f47218ced  wd-carousel-item\">\n\t\t\t<div id=\"wd-6809f47218ced\" class=\"promo-banner  banner-mask banner-hover-zoom color-scheme-light banner-btn-size-default banner-btn-style-bordered  with-btn banner-btn-position-static wd-with-link wd-underline-colored\">\n\t\t\t\t<div class=\"main-wrapp-img\">\n\t\t\t\t\t<div class=\"banner-image wd-bg-position-center\" >\n\t\t\t\t\t\t<img loading=\"lazy\" decoding=\"async\" width=\"768\" height=\"513\" src=\"https:\/\/vaisingumocentras.lt\/wp-content\/uploads\/2025\/04\/obgynexam-768x513.jpg.webp\" class=\"attachment-full size-full\" alt=\"\" \/>\t\t\t\t\t<\/div>\n\t\t\t\t<\/div>\n\n\t\t\t\t<div class=\"wrapper-content-banner wd-fill  wd-items-bottom wd-justify-left\">\n\t\t\t\t\t<div class=\"content-banner  text-left\">\n\t\t\t\t\t\t<h4 class=\"banner-title wd-font-weight- wd-fontsize-l\">IUI \u2013 INTRAUTERININ\u0116 INSEMINACIJA<\/h4>\t\t\t\t\t\t\n\t\t\t\t\t\t\n\t\t\t\t\t\t<div class=\"banner-btn-wrapper\"><div id=\"wd-69d5ff8fa9a9f\" class=\"  wd-button-wrapper text-left\"><a href=\"https:\/\/vaisingumocentras.lt\/proceduros\/iui-intrauterinine-inseminacija\/\" title=\"\" class=\"btn btn-color-white btn-style-bordered btn-shape-round btn-size-default\">\u017di\u016br\u0117ti pla\u010diau<\/a><\/div><\/div>\t\t\t\t\t<\/div>\n\t\t\t\t<\/div>\n\n\t\t\t\t\t\t\t\t\t<a class=\"wd-promo-banner-link wd-fill\" aria-label=\"Banner link\" href=\"https:\/\/vaisingumocentras.lt\/proceduros\/iui-intrauterinine-inseminacija\/\" title=\"\"><\/a>\n\t\t\t\t\n\t\t\t\t\t\t\t<\/div>\n\t\t<\/div>\n\n\t\t\t\t<div class=\"promo-banner-wrapper  wd-rs-6809f4760d71d  wd-carousel-item\">\n\t\t\t<div id=\"wd-6809f4760d71d\" class=\"promo-banner  banner-mask banner-hover-zoom color-scheme-light banner-btn-size-default banner-btn-style-bordered  with-btn banner-btn-position-static wd-with-link wd-underline-colored\">\n\t\t\t\t<div class=\"main-wrapp-img\">\n\t\t\t\t\t<div class=\"banner-image wd-bg-position-center\" >\n\t\t\t\t\t\t<img loading=\"lazy\" decoding=\"async\" width=\"612\" height=\"408\" src=\"https:\/\/vaisingumocentras.lt\/wp-content\/uploads\/2025\/04\/istockphoto-1439901267-612x612-1.jpg\" class=\"attachment-full size-full\" alt=\"\" \/>\t\t\t\t\t<\/div>\n\t\t\t\t<\/div>\n\n\t\t\t\t<div class=\"wrapper-content-banner wd-fill  wd-items-bottom wd-justify-left\">\n\t\t\t\t\t<div class=\"content-banner  text-left\">\n\t\t\t\t\t\t<h4 class=\"banner-title wd-font-weight- wd-fontsize-l\">IVF METODAS<\/h4>\t\t\t\t\t\t\n\t\t\t\t\t\t\n\t\t\t\t\t\t<div class=\"banner-btn-wrapper\"><div id=\"wd-69d5ff8fa9e2f\" class=\"  wd-button-wrapper text-left\"><a href=\"https:\/\/vaisingumocentras.lt\/proceduros\/ivf-metodas\/\" title=\"\" class=\"btn btn-color-white btn-style-bordered btn-shape-round btn-size-default\">\u017di\u016br\u0117ti pla\u010diau<\/a><\/div><\/div>\t\t\t\t\t<\/div>\n\t\t\t\t<\/div>\n\n\t\t\t\t\t\t\t\t\t<a class=\"wd-promo-banner-link wd-fill\" aria-label=\"Banner link\" href=\"https:\/\/vaisingumocentras.lt\/proceduros\/ivf-metodas\/\" title=\"\"><\/a>\n\t\t\t\t\n\t\t\t\t\t\t\t<\/div>\n\t\t<\/div>\n\n\t\t\t\t<div class=\"promo-banner-wrapper  wd-rs-6809f47a14e68  wd-carousel-item\">\n\t\t\t<div id=\"wd-6809f47a14e68\" class=\"promo-banner  banner-mask banner-hover-zoom color-scheme-light banner-btn-size-default banner-btn-style-bordered  with-btn banner-btn-position-static wd-with-link wd-underline-colored\">\n\t\t\t\t<div class=\"main-wrapp-img\">\n\t\t\t\t\t<div class=\"banner-image wd-bg-position-center\" >\n\t\t\t\t\t\t<img loading=\"lazy\" decoding=\"async\" width=\"1254\" height=\"836\" src=\"https:\/\/vaisingumocentras.lt\/wp-content\/uploads\/2025\/04\/iStock-1149102742.jpg\" class=\"attachment-full size-full\" alt=\"\" \/>\t\t\t\t\t<\/div>\n\t\t\t\t<\/div>\n\n\t\t\t\t<div class=\"wrapper-content-banner wd-fill  wd-items-bottom wd-justify-left\">\n\t\t\t\t\t<div class=\"content-banner  text-left\">\n\t\t\t\t\t\t<h4 class=\"banner-title wd-font-weight- wd-fontsize-l\">ICSI IR PICSI METODAI<\/h4>\t\t\t\t\t\t\n\t\t\t\t\t\t\n\t\t\t\t\t\t<div class=\"banner-btn-wrapper\"><div id=\"wd-69d5ff8faa1be\" class=\"  wd-button-wrapper text-left\"><a href=\"https:\/\/vaisingumocentras.lt\/proceduros\/icsi-ir-picsi-metodai\/\" title=\"\" class=\"btn btn-color-white btn-style-bordered btn-shape-round btn-size-default\">\u017di\u016br\u0117ti pla\u010diau<\/a><\/div><\/div>\t\t\t\t\t<\/div>\n\t\t\t\t<\/div>\n\n\t\t\t\t\t\t\t\t\t<a class=\"wd-promo-banner-link wd-fill\" aria-label=\"Banner link\" href=\"https:\/\/vaisingumocentras.lt\/proceduros\/icsi-ir-picsi-metodai\/\" title=\"\"><\/a>\n\t\t\t\t\n\t\t\t\t\t\t\t<\/div>\n\t\t<\/div>\n\n\t\t\t\t<div class=\"promo-banner-wrapper  wd-rs-6809f47e583b0  wd-carousel-item\">\n\t\t\t<div id=\"wd-6809f47e583b0\" class=\"promo-banner  banner-mask banner-hover-zoom color-scheme-light banner-btn-size-default banner-btn-style-bordered  with-btn banner-btn-position-static wd-with-link wd-underline-colored\">\n\t\t\t\t<div class=\"main-wrapp-img\">\n\t\t\t\t\t<div class=\"banner-image wd-bg-position-center\" >\n\t\t\t\t\t\t<img loading=\"lazy\" decoding=\"async\" width=\"640\" height=\"427\" src=\"https:\/\/vaisingumocentras.lt\/wp-content\/uploads\/2025\/04\/istock-158649166.jpg\" class=\"attachment-full size-full\" alt=\"\" \/>\t\t\t\t\t<\/div>\n\t\t\t\t<\/div>\n\n\t\t\t\t<div class=\"wrapper-content-banner wd-fill  wd-items-bottom wd-justify-left\">\n\t\t\t\t\t<div class=\"content-banner  text-left\">\n\t\t\t\t\t\t<h4 class=\"banner-title wd-font-weight- wd-fontsize-l\">TESA PROCED\u016aRA<\/h4>\t\t\t\t\t\t\n\t\t\t\t\t\t\n\t\t\t\t\t\t<div class=\"banner-btn-wrapper\"><div id=\"wd-69d5ff8faa55a\" class=\"  wd-button-wrapper text-left\"><a href=\"https:\/\/vaisingumocentras.lt\/proceduros\/tesa-procedura\/\" title=\"\" class=\"btn btn-color-white btn-style-bordered btn-shape-round btn-size-default\">\u017di\u016br\u0117ti pla\u010diau<\/a><\/div><\/div>\t\t\t\t\t<\/div>\n\t\t\t\t<\/div>\n\n\t\t\t\t\t\t\t\t\t<a class=\"wd-promo-banner-link wd-fill\" aria-label=\"Banner link\" href=\"https:\/\/vaisingumocentras.lt\/proceduros\/tesa-procedura\/\" title=\"\"><\/a>\n\t\t\t\t\n\t\t\t\t\t\t\t<\/div>\n\t\t<\/div>\n\n\t\t\t\t<div class=\"promo-banner-wrapper  wd-rs-6809f485a28b2  wd-carousel-item\">\n\t\t\t<div id=\"wd-6809f485a28b2\" class=\"promo-banner  banner-mask banner-hover-zoom color-scheme-light banner-btn-size-default banner-btn-style-bordered  with-btn banner-btn-position-static wd-with-link wd-underline-colored\">\n\t\t\t\t<div class=\"main-wrapp-img\">\n\t\t\t\t\t<div class=\"banner-image wd-bg-position-center\" >\n\t\t\t\t\t\t<img loading=\"lazy\" decoding=\"async\" width=\"612\" height=\"408\" src=\"https:\/\/vaisingumocentras.lt\/wp-content\/uploads\/2025\/04\/istockphoto-1932168702-612x612-1.jpg\" class=\"attachment-full size-full\" alt=\"\" \/>\t\t\t\t\t<\/div>\n\t\t\t\t<\/div>\n\n\t\t\t\t<div class=\"wrapper-content-banner wd-fill  wd-items-bottom wd-justify-left\">\n\t\t\t\t\t<div class=\"content-banner  text-left\">\n\t\t\t\t\t\t<h4 class=\"banner-title wd-font-weight- wd-fontsize-l\">BLASTOCIST\u0172 AUGINIMAS<\/h4>\t\t\t\t\t\t\n\t\t\t\t\t\t\n\t\t\t\t\t\t<div class=\"banner-btn-wrapper\"><div id=\"wd-69d5ff8faa8e2\" class=\"  wd-button-wrapper text-left\"><a href=\"https:\/\/vaisingumocentras.lt\/proceduros\/blastocistu-auginimas\/\" title=\"\" class=\"btn btn-color-white btn-style-bordered btn-shape-round btn-size-default\">\u017di\u016br\u0117ti pla\u010diau<\/a><\/div><\/div>\t\t\t\t\t<\/div>\n\t\t\t\t<\/div>\n\n\t\t\t\t\t\t\t\t\t<a class=\"wd-promo-banner-link wd-fill\" aria-label=\"Banner link\" href=\"https:\/\/vaisingumocentras.lt\/proceduros\/blastocistu-auginimas\/\" title=\"\"><\/a>\n\t\t\t\t\n\t\t\t\t\t\t\t<\/div>\n\t\t<\/div>\n\n\t\t\t\t<div class=\"promo-banner-wrapper  wd-rs-6809f489262c5  wd-carousel-item\">\n\t\t\t<div id=\"wd-6809f489262c5\" class=\"promo-banner  banner-mask banner-hover-zoom color-scheme-light banner-btn-size-default banner-btn-style-bordered  with-btn banner-btn-position-static wd-with-link wd-underline-colored\">\n\t\t\t\t<div class=\"main-wrapp-img\">\n\t\t\t\t\t<div class=\"banner-image wd-bg-position-center\" >\n\t\t\t\t\t\t<img loading=\"lazy\" decoding=\"async\" width=\"1024\" height=\"651\" src=\"https:\/\/vaisingumocentras.lt\/wp-content\/uploads\/2025\/04\/egg-freezing-the-fertility-and-gynaecology-academy-1024x651-1.jpg\" class=\"attachment-full size-full\" alt=\"\" \/>\t\t\t\t\t<\/div>\n\t\t\t\t<\/div>\n\n\t\t\t\t<div class=\"wrapper-content-banner wd-fill  wd-items-bottom wd-justify-left\">\n\t\t\t\t\t<div class=\"content-banner  text-left\">\n\t\t\t\t\t\t<h4 class=\"banner-title wd-font-weight- wd-fontsize-l\">EMBRION\u0172 \u0160ALDYMAS<\/h4>\t\t\t\t\t\t\n\t\t\t\t\t\t\n\t\t\t\t\t\t<div class=\"banner-btn-wrapper\"><div id=\"wd-69d5ff8faac60\" class=\"  wd-button-wrapper text-left\"><a href=\"https:\/\/vaisingumocentras.lt\/proceduros\/embrionu-saldymas\/\" title=\"\" class=\"btn btn-color-white btn-style-bordered btn-shape-round btn-size-default\">\u017di\u016br\u0117ti pla\u010diau<\/a><\/div><\/div>\t\t\t\t\t<\/div>\n\t\t\t\t<\/div>\n\n\t\t\t\t\t\t\t\t\t<a class=\"wd-promo-banner-link wd-fill\" aria-label=\"Banner link\" href=\"https:\/\/vaisingumocentras.lt\/proceduros\/embrionu-saldymas\/\" title=\"\"><\/a>\n\t\t\t\t\n\t\t\t\t\t\t\t<\/div>\n\t\t<\/div>\n\n\t\t\t\t\t\t\t\t<\/div>\n\t\t\t\t\t<\/div>\n\n\t\t\t\t\t\t\t\t\t\t\t\t\t<div class=\"wd-nav-arrows wd-pos-sep wd-hover-1 wd-icon-1\">\n\t\t\t<div class=\"wd-btn-arrow wd-prev wd-disabled\">\n\t\t\t\t<div class=\"wd-arrow-inner\"><\/div>\n\t\t\t<\/div>\n\t\t\t<div class=\"wd-btn-arrow wd-next\">\n\t\t\t\t<div class=\"wd-arrow-inner\"><\/div>\n\t\t\t<\/div>\n\t\t<\/div>\n\t\t\t\t\t\t\t\t\t\t\t<\/div>\n\n\t\t\t\t\t\t<div class=\"wd-nav-pagin-wrap text-center wd-style-shape wd-hide-md-sm wd-hide-sm\">\n\t\t\t<ul class=\"wd-nav-pagin\"><\/ul>\n\t\t<\/div>\n\t\t\t\t\t\t\t\t\t<\/div>\n\n\t\t[\/vc_column][\/vc_row]<\/p>\n<\/div>","protected":false},"excerpt":{"rendered":"<p>[vc_row][vc_column][\/vc_column][\/vc_row][vc_row][vc_column][\/vc_column][\/vc_row][vc_row][vc_column][\/vc_column][\/vc_row]<\/p>\n","protected":false},"author":1,"featured_media":0,"parent":627,"menu_order":0,"comment_status":"closed","ping_status":"closed","template":"","meta":{"footnotes":""},"class_list":["post-639","page","type-page","status-publish","hentry"],"yoast_head":"<!-- This site is optimized with the Yoast SEO plugin v27.2 - https:\/\/yoast.com\/product\/yoast-seo-wordpress\/ -->\n<title>Kiau\u0161ial\u0105s\u010di\u0173 ir spermos \u0161aldymas - Vaisingumocentras.lt<\/title>\n<meta name=\"robots\" content=\"index, follow, max-snippet:-1, max-image-preview:large, max-video-preview:-1\" \/>\n<link rel=\"canonical\" href=\"https:\/\/vaisingumocentras.lt\/en\/procedures\/kiausialasciu-ir-spermos-saldymas\/\" \/>\n<meta property=\"og:locale\" content=\"en_US\" \/>\n<meta property=\"og:type\" content=\"article\" \/>\n<meta property=\"og:title\" content=\"Kiau\u0161ial\u0105s\u010di\u0173 ir spermos \u0161aldymas - Vaisingumocentras.lt\" \/>\n<meta property=\"og:url\" content=\"https:\/\/vaisingumocentras.lt\/en\/procedures\/kiausialasciu-ir-spermos-saldymas\/\" \/>\n<meta property=\"og:site_name\" content=\"Vaisingumocentras.lt\" \/>\n<meta property=\"og:image\" content=\"https:\/\/vaisingumocentras.lt\/wp-content\/uploads\/2025\/04\/iStock-477194712-scaled.jpg\" \/>\n\t<meta property=\"og:image:width\" content=\"2560\" \/>\n\t<meta property=\"og:image:height\" content=\"1698\" \/>\n\t<meta property=\"og:image:type\" content=\"image\/jpeg\" \/>\n<meta name=\"twitter:card\" content=\"summary_large_image\" \/>\n<meta name=\"twitter:label1\" content=\"Est. reading time\" \/>\n\t<meta name=\"twitter:data1\" content=\"8 minutes\" \/>\n<script type=\"application\/ld+json\" class=\"yoast-schema-graph\">{\"@context\":\"https:\/\/schema.org\",\"@graph\":[{\"@type\":\"WebPage\",\"@id\":\"https:\/\/vaisingumocentras.lt\/en\/procedures\/kiausialasciu-ir-spermos-saldymas\/\",\"url\":\"https:\/\/vaisingumocentras.lt\/en\/procedures\/kiausialasciu-ir-spermos-saldymas\/\",\"name\":\"Kiau\u0161ial\u0105s\u010di\u0173 ir spermos \u0161aldymas - Vaisingumocentras.lt\",\"isPartOf\":{\"@id\":\"https:\/\/vaisingumocentras.lt\/#website\"},\"datePublished\":\"2025-04-22T08:07:39+00:00\",\"breadcrumb\":{\"@id\":\"https:\/\/vaisingumocentras.lt\/en\/procedures\/kiausialasciu-ir-spermos-saldymas\/#breadcrumb\"},\"inLanguage\":\"en-US\",\"potentialAction\":[{\"@type\":\"ReadAction\",\"target\":[\"https:\/\/vaisingumocentras.lt\/en\/procedures\/kiausialasciu-ir-spermos-saldymas\/\"]}]},{\"@type\":\"BreadcrumbList\",\"@id\":\"https:\/\/vaisingumocentras.lt\/en\/procedures\/kiausialasciu-ir-spermos-saldymas\/#breadcrumb\",\"itemListElement\":[{\"@type\":\"ListItem\",\"position\":1,\"name\":\"Home\",\"item\":\"https:\/\/vaisingumocentras.lt\/en\/pradzia\/\"},{\"@type\":\"ListItem\",\"position\":2,\"name\":\"Procedures\",\"item\":\"https:\/\/vaisingumocentras.lt\/en\/procedures\/\"},{\"@type\":\"ListItem\",\"position\":3,\"name\":\"Kiau\u0161ial\u0105s\u010di\u0173 ir spermos \u0161aldymas\"}]},{\"@type\":\"WebSite\",\"@id\":\"https:\/\/vaisingumocentras.lt\/#website\",\"url\":\"https:\/\/vaisingumocentras.lt\/\",\"name\":\"vaisingumocentras.lt\",\"description\":\"Gra\u017einos Bogdanskien\u0117s Vaisingumo Centras\",\"publisher\":{\"@id\":\"https:\/\/vaisingumocentras.lt\/#organization\"},\"alternateName\":\"Gra\u017einos Bogdanskien\u0117s Vaisingumo Centras\",\"potentialAction\":[{\"@type\":\"SearchAction\",\"target\":{\"@type\":\"EntryPoint\",\"urlTemplate\":\"https:\/\/vaisingumocentras.lt\/?s={search_term_string}\"},\"query-input\":{\"@type\":\"PropertyValueSpecification\",\"valueRequired\":true,\"valueName\":\"search_term_string\"}}],\"inLanguage\":\"en-US\"},{\"@type\":\"Organization\",\"@id\":\"https:\/\/vaisingumocentras.lt\/#organization\",\"name\":\"Gra\u017einos Bogdanskien\u0117s Vaisingumo Centras\",\"url\":\"https:\/\/vaisingumocentras.lt\/\",\"logo\":{\"@type\":\"ImageObject\",\"inLanguage\":\"en-US\",\"@id\":\"https:\/\/vaisingumocentras.lt\/#\/schema\/logo\/image\/\",\"url\":\"https:\/\/vaisingumocentras.lt\/wp-content\/uploads\/2025\/04\/logo-naujas.jpg\",\"contentUrl\":\"https:\/\/vaisingumocentras.lt\/wp-content\/uploads\/2025\/04\/logo-naujas.jpg\",\"width\":1999,\"height\":1193,\"caption\":\"Gra\u017einos Bogdanskien\u0117s Vaisingumo Centras\"},\"image\":{\"@id\":\"https:\/\/vaisingumocentras.lt\/#\/schema\/logo\/image\/\"}}]}<\/script>\n<!-- \/ Yoast SEO plugin. -->","yoast_head_json":{"title":"Kiau\u0161ial\u0105s\u010di\u0173 ir spermos \u0161aldymas - Vaisingumocentras.lt","robots":{"index":"index","follow":"follow","max-snippet":"max-snippet:-1","max-image-preview":"max-image-preview:large","max-video-preview":"max-video-preview:-1"},"canonical":"https:\/\/vaisingumocentras.lt\/en\/procedures\/kiausialasciu-ir-spermos-saldymas\/","og_locale":"en_US","og_type":"article","og_title":"Kiau\u0161ial\u0105s\u010di\u0173 ir spermos \u0161aldymas - Vaisingumocentras.lt","og_url":"https:\/\/vaisingumocentras.lt\/en\/procedures\/kiausialasciu-ir-spermos-saldymas\/","og_site_name":"Vaisingumocentras.lt","og_image":[{"width":2560,"height":1698,"url":"https:\/\/vaisingumocentras.lt\/wp-content\/uploads\/2025\/04\/iStock-477194712-scaled.jpg","type":"image\/jpeg"}],"twitter_card":"summary_large_image","twitter_misc":{"Est. reading time":"8 minutes"},"schema":{"@context":"https:\/\/schema.org","@graph":[{"@type":"WebPage","@id":"https:\/\/vaisingumocentras.lt\/en\/procedures\/kiausialasciu-ir-spermos-saldymas\/","url":"https:\/\/vaisingumocentras.lt\/en\/procedures\/kiausialasciu-ir-spermos-saldymas\/","name":"Kiau\u0161ial\u0105s\u010di\u0173 ir spermos \u0161aldymas - Vaisingumocentras.lt","isPartOf":{"@id":"https:\/\/vaisingumocentras.lt\/#website"},"datePublished":"2025-04-22T08:07:39+00:00","breadcrumb":{"@id":"https:\/\/vaisingumocentras.lt\/en\/procedures\/kiausialasciu-ir-spermos-saldymas\/#breadcrumb"},"inLanguage":"en-US","potentialAction":[{"@type":"ReadAction","target":["https:\/\/vaisingumocentras.lt\/en\/procedures\/kiausialasciu-ir-spermos-saldymas\/"]}]},{"@type":"BreadcrumbList","@id":"https:\/\/vaisingumocentras.lt\/en\/procedures\/kiausialasciu-ir-spermos-saldymas\/#breadcrumb","itemListElement":[{"@type":"ListItem","position":1,"name":"Home","item":"https:\/\/vaisingumocentras.lt\/en\/pradzia\/"},{"@type":"ListItem","position":2,"name":"Procedures","item":"https:\/\/vaisingumocentras.lt\/en\/procedures\/"},{"@type":"ListItem","position":3,"name":"Kiau\u0161ial\u0105s\u010di\u0173 ir spermos \u0161aldymas"}]},{"@type":"WebSite","@id":"https:\/\/vaisingumocentras.lt\/#website","url":"https:\/\/vaisingumocentras.lt\/","name":"vaisingumocentras.lt","description":"Gra\u017einos Bogdanskien\u0117s Vaisingumo Centras","publisher":{"@id":"https:\/\/vaisingumocentras.lt\/#organization"},"alternateName":"Gra\u017einos Bogdanskien\u0117s Vaisingumo Centras","potentialAction":[{"@type":"SearchAction","target":{"@type":"EntryPoint","urlTemplate":"https:\/\/vaisingumocentras.lt\/?s={search_term_string}"},"query-input":{"@type":"PropertyValueSpecification","valueRequired":true,"valueName":"search_term_string"}}],"inLanguage":"en-US"},{"@type":"Organization","@id":"https:\/\/vaisingumocentras.lt\/#organization","name":"Gra\u017einos Bogdanskien\u0117s Vaisingumo Centras","url":"https:\/\/vaisingumocentras.lt\/","logo":{"@type":"ImageObject","inLanguage":"en-US","@id":"https:\/\/vaisingumocentras.lt\/#\/schema\/logo\/image\/","url":"https:\/\/vaisingumocentras.lt\/wp-content\/uploads\/2025\/04\/logo-naujas.jpg","contentUrl":"https:\/\/vaisingumocentras.lt\/wp-content\/uploads\/2025\/04\/logo-naujas.jpg","width":1999,"height":1193,"caption":"Gra\u017einos Bogdanskien\u0117s Vaisingumo Centras"},"image":{"@id":"https:\/\/vaisingumocentras.lt\/#\/schema\/logo\/image\/"}}]}},"_links":{"self":[{"href":"https:\/\/vaisingumocentras.lt\/en\/wp-json\/wp\/v2\/pages\/639","targetHints":{"allow":["GET"]}}],"collection":[{"href":"https:\/\/vaisingumocentras.lt\/en\/wp-json\/wp\/v2\/pages"}],"about":[{"href":"https:\/\/vaisingumocentras.lt\/en\/wp-json\/wp\/v2\/types\/page"}],"author":[{"embeddable":true,"href":"https:\/\/vaisingumocentras.lt\/en\/wp-json\/wp\/v2\/users\/1"}],"replies":[{"embeddable":true,"href":"https:\/\/vaisingumocentras.lt\/en\/wp-json\/wp\/v2\/comments?post=639"}],"version-history":[{"count":0,"href":"https:\/\/vaisingumocentras.lt\/en\/wp-json\/wp\/v2\/pages\/639\/revisions"}],"up":[{"embeddable":true,"href":"https:\/\/vaisingumocentras.lt\/en\/wp-json\/wp\/v2\/pages\/627"}],"wp:attachment":[{"href":"https:\/\/vaisingumocentras.lt\/en\/wp-json\/wp\/v2\/media?parent=639"}],"curies":[{"name":"wp","href":"https:\/\/api.w.org\/{rel}","templated":true}]}}