{"id":653,"date":"2025-04-22T08:10:10","date_gmt":"2025-04-22T08:10:10","guid":{"rendered":"https:\/\/vaisingumocentras.lt\/staff\/"},"modified":"2025-04-22T08:10:10","modified_gmt":"2025-04-22T08:10:10","slug":"staff","status":"publish","type":"page","link":"https:\/\/vaisingumocentras.lt\/en\/staff\/","title":{"rendered":"Specialistai"},"content":{"rendered":"<div class=\"wpb-content-wrapper\"><p>[vc_row css=&#8221;.vc_custom_1745485026490{margin-bottom: 30px !important;}&#8221; woodmart_css_id=&#8221;6809fce004bdb&#8221; responsive_spacing=&#8221;eyJwYXJhbV90eXBlIjoid29vZG1hcnRfcmVzcG9uc2l2ZV9zcGFjaW5nIiwic2VsZWN0b3JfaWQiOiI2ODA5ZmNlMDA0YmRiIiwic2hvcnRjb2RlIjoidmNfcm93IiwiZGF0YSI6eyJ0YWJsZXQiOnt9LCJtb2JpbGUiOnt9fX0=&#8221; mobile_bg_img_hidden=&#8221;no&#8221; tablet_bg_img_hidden=&#8221;no&#8221; woodmart_parallax=&#8221;0&#8243; woodmart_gradient_switch=&#8221;no&#8221; woodmart_box_shadow=&#8221;no&#8221; wd_z_index=&#8221;no&#8221; woodmart_disable_overflow=&#8221;0&#8243; row_reverse_mobile=&#8221;0&#8243; row_reverse_tablet=&#8221;0&#8243;][vc_column]\t\t\t<div class=\"info-box-wrapper\">\n\t\t\t\t<div id=\"wd-6809fd1fcd5b4\" class=\" wd-rs-6809fd1fcd5b4 wd-info-box wd-wpb text-left box-icon-align-left box-style-shadow color-scheme- wd-bg-none wd-items-middle \">\n\t\t\t\t\t\t\t\t\t\t\t<div class=\"box-icon-wrapper  box-with-icon box-icon-simple\">\n\t\t\t\t\t\t\t<div class=\"info-box-icon\">\n\n\t\t\t\t\t\t\t\n\t\t\t\t\t\t\t\t\t\t\t\t\t\t\t\t\t<img loading=\"lazy\" decoding=\"async\" width=\"133\" height=\"200\" src=\"https:\/\/vaisingumocentras.lt\/wp-content\/uploads\/2025\/04\/dce178f03f9b023afda9358ba1e32f05.jpg\" class=\"attachment-full size-full\" alt=\"\" \/>\t\t\t\t\t\t\t\t\t\t\t\t\t\t\t\n\t\t\t\t\t\t\t<\/div>\n\t\t\t\t\t\t<\/div>\n\t\t\t\t\t\t\t\t\t\t<div class=\"info-box-content\">\n\t\t\t\t\t\t<div class=\"info-box-subtitle subtitle-color-default wd-fontsize-xs subtitle-style-background\">Klinikos vadov\u0117, gydytoja aku\u0161er\u0117 ginekolog\u0117<\/div><h4 class=\"info-box-title title box-title-style-default wd-fontsize-m\">GRA\u017dINA BOGDANSKIEN\u0116<\/h4>\t\t\t\t\t\t<div class=\"info-box-inner reset-last-child\"><p>Gra\u017eina Bogdanskien\u0117 yra dirbtinio apvaisinimo Lietuvoje iniciator\u0117 ir pradinink\u0117.<\/p>\n<p>Gyd. G.Bogdanskien\u0117 yra auk\u0161tos kvalifikacijos dirbtinio apvaisinimo specialist\u0117, turinti licencij\u0105 dirbti dirbtinio apvaisinimo laboratorijoje Did\u017eiojoje Britanijoje, Europos \u017emogaus vaisingumo ir embriologijos draugijos nar\u0117 (ESHRE), vienintel\u0117 gydytoja aku\u0161er\u0117 ginekolog\u0117 i\u0161 Baltijos \u0161ali\u0173, aktyviai dalyvauja tarptautini\u0173 organizacij\u0173, koordinuojan\u010di\u0173 dirbtinio apvaisinimo veikl\u0105.<\/p>\n<p>\u012evairiose tarptautin\u0117se konferencijose perskait\u0117 65 prane\u0161im\u0173 apie jos vadovaujamos klinikos veikl\u0105 ir apie taikant dirbtinio apvaisinimo metodus pasiektus rezultatus.<\/p>\n<div class=\"more_content\">\n<p>Nuo 1993 iki 2013 met\u0173 Lietuvos aku\u0161eri\u0173 \u2013 ginekolog\u0173 mokslin\u0117s draugijos nevaisingumo sekcijos pirminink\u0117.<\/p>\n<p><strong>Sta\u017euot\u0117s:<\/strong><\/p>\n<p>1990-1991 m. Danijos universitete \u201eNevaisingumo diegnostika ir gydymas\u201c;<\/p>\n<p>1993 m. Londono Karali\u0161koji ligonin\u0117. Viena i\u0161 did\u017eiausi\u0173 patirt\u012f Europoje ir pasaulyje turintis \u201eThe Bridge\u201c centras;<\/p>\n<p>1997 m. Liubeko Vokietijos universitetin\u0117 ligonin\u0117;<\/p>\n<p>1998 m. Helsinko universitetine ligonin\u0117.<\/p>\n<\/div>\n<p>\n<\/div>\n\n\t\t\t\t\t\t\t\t\t\t\t<\/div>\n\n\t\t\t\t\t\n\t\t\t\t\t\t\t\t\t<\/div>\n\t\t\t<\/div>\n\t\t\t\t\t<div class=\"info-box-wrapper\">\n\t\t\t\t<div id=\"wd-6809fd4ac94f0\" class=\" wd-rs-6809fd4ac94f0 wd-info-box wd-wpb text-left box-icon-align-left box-style-shadow color-scheme- wd-bg-none wd-items-middle \">\n\t\t\t\t\t\t\t\t\t\t\t<div class=\"box-icon-wrapper  box-with-icon box-icon-simple\">\n\t\t\t\t\t\t\t<div class=\"info-box-icon\">\n\n\t\t\t\t\t\t\t\n\t\t\t\t\t\t\t\t\t\t\t\t\t\t\t\t\t<img loading=\"lazy\" decoding=\"async\" width=\"133\" height=\"200\" src=\"https:\/\/vaisingumocentras.lt\/wp-content\/uploads\/2025\/04\/c909c16eeb900bce6b2af57fdb97a190.jpg\" class=\"attachment-full size-full\" alt=\"\" \/>\t\t\t\t\t\t\t\t\t\t\t\t\t\t\t\n\t\t\t\t\t\t\t<\/div>\n\t\t\t\t\t\t<\/div>\n\t\t\t\t\t\t\t\t\t\t<div class=\"info-box-content\">\n\t\t\t\t\t\t<div class=\"info-box-subtitle subtitle-color-default wd-fontsize-xs subtitle-style-background\">Gyd. aku\u0161eris ginekologas<\/div><h4 class=\"info-box-title title box-title-style-default wd-fontsize-m\">RIMANTAS GRICIUS<\/h4>\t\t\t\t\t\t<div class=\"info-box-inner reset-last-child\"><p>Baig\u0117 Kauno medicinos akademijos Gydom\u0105j\u012f fakultet\u0105 1994 m. Pirmin\u0119 medicinos gydytojo rezident\u016br\u0105 atliko Klaip\u0117dos miesto ligonon\u0117je 1994 &#8211; 1995 m. 1996 &#8211; 2000 m. mok\u0117si Vilniaus universiteto Medicinos fakulteto Aku\u0161erijos ginekologijos specialyb\u0117s rezident\u016broje. Nuo 2000 m. dirba Vilniaus miesto ligonin\u0117s Aku\u0161erijos ginekologijos klinikoje. UAB \u201eVaisingumo centras&#8221; dirba nuo 2005 m.<\/p>\n<p><strong>Dom\u0117jimosi sritys:<\/strong>\u00a0ginekologin\u0117 endokrinologija, nevaisingumas, kontracepcija, menopauz\u0117. \u0160iomis temomis dalyvavo tarptautin\u0117se konferencijose Vokietijoje, Suomijoje, Danijoje, Lenkijoje. Rusijoje, Latvijoje. Lietuvos aku\u0161eri\u0173 ginekolog\u0173, Europos kontraceptolog\u0173 draugij\u0173 narys.<\/p>\n<\/div>\n\n\t\t\t\t\t\t\t\t\t\t\t<\/div>\n\n\t\t\t\t\t\n\t\t\t\t\t\t\t\t\t<\/div>\n\t\t\t<\/div>\n\t\t\t\t\t<div class=\"info-box-wrapper\">\n\t\t\t\t<div id=\"wd-6809fd265c998\" class=\" wd-rs-6809fd265c998 wd-info-box wd-wpb text-left box-icon-align-left box-style-shadow color-scheme- wd-bg-none wd-items-middle \">\n\t\t\t\t\t\t\t\t\t\t\t<div class=\"box-icon-wrapper  box-with-icon box-icon-simple\">\n\t\t\t\t\t\t\t<div class=\"info-box-icon\">\n\n\t\t\t\t\t\t\t\n\t\t\t\t\t\t\t\t\t\t\t\t\t\t\t\t\t<img loading=\"lazy\" decoding=\"async\" width=\"133\" height=\"200\" src=\"https:\/\/vaisingumocentras.lt\/wp-content\/uploads\/2025\/04\/b662617979e12b072ac02bedb19fddbd.jpg\" class=\"attachment-full size-full\" alt=\"\" \/>\t\t\t\t\t\t\t\t\t\t\t\t\t\t\t\n\t\t\t\t\t\t\t<\/div>\n\t\t\t\t\t\t<\/div>\n\t\t\t\t\t\t\t\t\t\t<div class=\"info-box-content\">\n\t\t\t\t\t\t<div class=\"info-box-subtitle subtitle-color-default wd-fontsize-xs subtitle-style-background\">Gyd. aku\u0161eris ginekologas<\/div><h4 class=\"info-box-title title box-title-style-default wd-fontsize-m\">RONALDAS ROGALSKIS<\/h4>\t\t\t\t\t\t<div class=\"info-box-inner reset-last-child\"><\/p>\n<div>1981 &#8211; 1987 m.\u00a0\u2013\u00a0studijos. Kauno Medicinos Institutas, Gydomasis Fakultetas. Diplomas &#8211; gydytojas;<\/div>\n<div>1987 &#8211; 1988\u00a0\u2013\u00a0Vilniaus \u0160v. Jok\u016bbo ligonin\u0117,Aku\u0161erijos &#8211; ginekologijos internat\u016bra;<\/div>\n<div>1988 &#8211; 1989\u00a0\u2013\u00a0Vilniaus \u0160e\u0161kin\u0117s poliklinika, gydytojas aku\u0161eris-ginekologas;<\/div>\n<div>1989 &#8211; 2003\u00a0\u2013\u00a0Vilniaus \u0160v.Jok\u016bbo ligonin\u0117, gydytojas aku\u0161eris-ginekologas;<\/div>\n<div>1996 &#8211; 2012\u00a0\u2013\u00a0UAB &#8220;SK IMPEKS Medicinos Diagnostikos Centras&#8221;, gydytojas aku\u0161eris-ginekologas;<\/div>\n<div>2003 &#8211; 2012\u00a0\u2013\u00a0V\u0160\u012e Trak\u0173 ligonin\u0117,gydytojas aku\u0161eris-ginekologas;<\/div>\n<div>1998 &#8211; 2003\u00a0\u2013\u00a0UAB Gra\u017einos Bogdanskien\u0117s Vaisingumo Centras,gydytojas aku\u0161eris-ginekologas;<\/div>\n<div>2003 &#8211; 2012\u00a0\u2013\u00a0Ronaldo Rogalskio \u0160iuolaikin\u0117s Ginekologijos Centras, gydytojas aku\u0161eris-ginekologas;<\/div>\n<div>2013\u00a0\u2013\u00a0Sta\u017euot\u0117 &#8220;IVF Centrum prof.Cech&#8221;, Austrija;<\/div>\n<div>2014 &#8211; 2017\u00a0\u2013\u00a0UAB &#8220;Medicinos Biotechnologij\u0173 Centras&#8221;, gydytojas aku\u0161eris-ginekologas;<\/div>\n<div>2017\u00a0\u2013\u00a0MB Ronaldo Rogalskio klinika,gydytojas aku\u0161eris-ginelokogas,\u012fmon\u0117s direktorius.<\/div>\n<p>\n<\/div>\n\n\t\t\t\t\t\t\t\t\t\t\t<\/div>\n\n\t\t\t\t\t\n\t\t\t\t\t\t\t\t\t<\/div>\n\t\t\t<\/div>\n\t\t\t\t\t<div class=\"info-box-wrapper\">\n\t\t\t\t<div id=\"wd-6809fd53896ed\" class=\" wd-rs-6809fd53896ed wd-info-box wd-wpb text-left box-icon-align-left box-style-shadow color-scheme- wd-bg-none wd-items-middle \">\n\t\t\t\t\t\t\t\t\t\t\t<div class=\"box-icon-wrapper  box-with-icon box-icon-simple\">\n\t\t\t\t\t\t\t<div class=\"info-box-icon\">\n\n\t\t\t\t\t\t\t\n\t\t\t\t\t\t\t\t\t\t\t\t\t\t\t\t\t<img loading=\"lazy\" decoding=\"async\" width=\"133\" height=\"200\" src=\"https:\/\/vaisingumocentras.lt\/wp-content\/uploads\/2025\/04\/92dfc1f13e27b43028bcc3539f05bc42.jpg\" class=\"attachment-full size-full\" alt=\"\" \/>\t\t\t\t\t\t\t\t\t\t\t\t\t\t\t\n\t\t\t\t\t\t\t<\/div>\n\t\t\t\t\t\t<\/div>\n\t\t\t\t\t\t\t\t\t\t<div class=\"info-box-content\">\n\t\t\t\t\t\t<div class=\"info-box-subtitle subtitle-color-default wd-fontsize-xs subtitle-style-background\">Gyd. aku\u0161er\u0117 ginekolog\u0117<\/div><h4 class=\"info-box-title title box-title-style-default wd-fontsize-m\">EGL\u0116 BAREIKIEN\u0116<\/h4>\t\t\t\t\t\t<div class=\"info-box-inner reset-last-child\"><p><strong>\u2022 Mokslai:<\/strong><br \/>\n2019 &#8211; 2023 m. Aku\u0161erijos ir ginekologijos rezident\u016bra<br \/>\n2013 &#8211; 2019 m. Vilniaus universitetas, Medicinos fakultetas. Bendroji medicina<br \/>\n2009 &#8211; 2013 m. Vilniaus \u017dirm\u016bn\u0173 gimnazija<br \/>\n<strong>\u2022 Kvalifikacijos tobulinimas:<\/strong><br \/>\n&#8220;30th COGI International Congress&#8221; 2022 m. Amsterdamas, Nyderlandai<br \/>\n&#8220;Lytiniai hormonai fiziologin\u0117se ir patologin\u0117se moters gyvenimo situacijose\u201c 2022 m., Vilnius, Lietuva<br \/>\n&#8216;\u0160iuolaikinis po\u017ei\u016bris \u012f gimdos adenomioz\u0119\u201d 2022 m., Vilnius, Lietuva<br \/>\n&#8220;29th COGI International Congress&#8221; 2021 m. Berlynas, Vokietija<br \/>\n&#8220;Moter\u0173 sveikatos diena 2021&#8221; 2021 m. Vilnius, Lietuva<br \/>\n&#8220;11th International Charite Mayo Conference. Global Perspectives and Future Directions in Women&#8217;s Cancer&#8221; 2021m. Berlynas, Vokietija<br \/>\n&#8220;Profesionali ir \u0161iuolaiki\u0161ka n\u0117\u0161\u010di\u0173j\u0173 prie\u017ei\u016bra\u201c 2019 m. Vilnius, Lietuva<br \/>\n&#8220;1st Eastern European Networking Congress for Trainees in Obstetrics and Gynecology\u201c 2019 m. Riga, Latvija<br \/>\nPediatrijos paskait\u0173 ciklas \u201ePediatric Winter School\u201c 2019 m., Graz, Austria<br \/>\n&#8220;Praeities ir dabarties i\u0161bandymai \u2013 pamokos atei\u010diai\u201c 2018 m., \u0160iauliai, Lietuva<br \/>\n&#8220;1-oji Baltijos \u0161ali\u0173 onkoginekologijos konferencija\u201c 2018 m., Vilnius, Lietuva<\/p>\n<\/div>\n\n\t\t\t\t\t\t\t\t\t\t\t<\/div>\n\n\t\t\t\t\t\n\t\t\t\t\t\t\t\t\t<\/div>\n\t\t\t<\/div>\n\t\t\t\t\t<div class=\"info-box-wrapper\">\n\t\t\t\t<div id=\"wd-6809fd9633a9f\" class=\" wd-rs-6809fd9633a9f wd-info-box wd-wpb text-left box-icon-align-left box-style-shadow color-scheme- wd-bg-none wd-items-middle \">\n\t\t\t\t\t\t\t\t\t\t\t<div class=\"box-icon-wrapper  box-with-icon box-icon-simple\">\n\t\t\t\t\t\t\t<div class=\"info-box-icon\">\n\n\t\t\t\t\t\t\t\n\t\t\t\t\t\t\t\t\t\t\t\t\t\t\t\t\t<img loading=\"lazy\" decoding=\"async\" width=\"133\" height=\"200\" src=\"https:\/\/vaisingumocentras.lt\/wp-content\/uploads\/2025\/04\/50122470fd5a2222e2bf929b98b4fe8a-1.jpg\" class=\"attachment-full size-full\" alt=\"\" \/>\t\t\t\t\t\t\t\t\t\t\t\t\t\t\t\n\t\t\t\t\t\t\t<\/div>\n\t\t\t\t\t\t<\/div>\n\t\t\t\t\t\t\t\t\t\t<div class=\"info-box-content\">\n\t\t\t\t\t\t<div class=\"info-box-subtitle subtitle-color-default wd-fontsize-xs subtitle-style-background\">Gyd. aku\u0161er\u0117 ginekolog\u0117<\/div><h4 class=\"info-box-title title box-title-style-default wd-fontsize-m\">ODETA GABR\u0116NAIT\u0116 KAZLAUSKIEN\u0116<\/h4>\t\t\t\t\t\t<div class=\"info-box-inner reset-last-child\"><\/p>\n<div>\n<h4>I\u0161silavinimas<\/h4>\n<ul>\n<li>1996 \u2013 2000 m. | VU Medicinos fakultetas, aku\u0161erijos ginekologijos specialyb\u0117s rezident\u016bra<\/li>\n<li>1995 \u2013 1996 m. | Trak\u0173 ligonin\u0117, pirmin\u0117 medicinos gydytojo rezident\u016bra<\/li>\n<li>1989 \u2013 1995 m. | VU Medicinos fakultetas, Gydomosios medicinos studijos<\/li>\n<\/ul>\n<\/div>\n<p>&nbsp;<\/p>\n<div class=\"more_content\">\n<div>\n<h4>Mokslin\u0117 veikla<\/h4>\n<ul>\n<li>2016 m. | VU Medicinos fakultetas, \u201cPagalbinio apvaisinimo ir lytini\u0173 l\u0105steli\u0173 banko paslaug\u0173 klausimai\u201d<\/li>\n<li>2007 m. ir 2016 m. | Bendradarbiavo kuriant 2 diagnostikos ir gydymo centrus su pagalbinio apvaisinimo laboratorijomis priva\u010dioje ir VU Santaros klinikose.<\/li>\n<li>2004 m. | Kvalifikacijos tobulinimo kursai Birmingemo Moter\u0173 vaisingumo centre (Jungtin\u0117 Karalyst\u0117)<\/li>\n<li>2001 m. | Kvalifikacijos tobulinimo kursai Tartu universiteto Vaisingumo klinikoje (Estija)<\/li>\n<li>Pastoviai dalyvauja kasmetiniuose ESHRE (Europos \u017emogaus reprodukcijos ir embriologijos draugija) kongresuose<\/li>\n<\/ul>\n<\/div>\n<div>\n<h4>Draugija<\/h4>\n<ul>\n<li>LAGD (Lietuvos aku\u0161eri\u0173 &#8211; ginekolog\u0173 draugija) nar\u0117<\/li>\n<li>ESHRE (Europos \u017emogaus reprodukcijos ir embriologijos draugija) nar\u0117<\/li>\n<\/ul>\n<\/div>\n<\/div>\n<p>\n<\/div>\n\n\t\t\t\t\t\t\t\t\t\t\t<\/div>\n\n\t\t\t\t\t\n\t\t\t\t\t\t\t\t\t<\/div>\n\t\t\t<\/div>\n\t\t\t\t\t<div class=\"info-box-wrapper\">\n\t\t\t\t<div id=\"wd-6809fdc2c61e1\" class=\" wd-rs-6809fdc2c61e1 wd-info-box wd-wpb text-left box-icon-align-left box-style-shadow color-scheme- wd-bg-none wd-items-middle \">\n\t\t\t\t\t\t\t\t\t\t\t<div class=\"box-icon-wrapper  box-with-icon box-icon-simple\">\n\t\t\t\t\t\t\t<div class=\"info-box-icon\">\n\n\t\t\t\t\t\t\t\n\t\t\t\t\t\t\t\t\t\t\t\t\t\t\t\t\t<img loading=\"lazy\" decoding=\"async\" width=\"133\" height=\"200\" src=\"https:\/\/vaisingumocentras.lt\/wp-content\/uploads\/2025\/04\/bcfad5bb86722653257383675d50f65c.jpg\" class=\"attachment-full size-full\" alt=\"\" \/>\t\t\t\t\t\t\t\t\t\t\t\t\t\t\t\n\t\t\t\t\t\t\t<\/div>\n\t\t\t\t\t\t<\/div>\n\t\t\t\t\t\t\t\t\t\t<div class=\"info-box-content\">\n\t\t\t\t\t\t<div class=\"info-box-subtitle subtitle-color-default wd-fontsize-xs subtitle-style-background\">Gyd. andrologas-urologas<\/div><h4 class=\"info-box-title title box-title-style-default wd-fontsize-m\">ALGIMANTAS SRUOGIS<\/h4>\t\t\t\t\t\t<div class=\"info-box-inner reset-last-child\"><p>Gydytojas urologas Algimantas Sruogis 1988 m. baig\u0117 Kauno medicinos institut\u0105, 1989 m. &#8211; chirurgijos internat\u016br\u0105, 1991 m. \u2014 urologijos ordinatur\u0105. 1996 m. jis \u012fgijo onkologo-chirurgo kvalifikacij\u0105. Sta\u017eavosi Anglijoje, JAV, Lenkijoje, Olandijoje. Lietuvos urolog\u0173 draugijos (LUD) tarybos narys, Europos urolog\u0173 asociacijos (EAU), Lietuvos onkolog\u0173 draugijos (LOD) narys, vadovauja Lietuvos jaun\u0173j\u0173 urolog\u0173 (LJU) sekcijai prie LUD. Dalyvauja mokslin\u0117je ir pedagogin\u0117je veikloje, skaito prane\u0161imus Lietuvos ir tarptautin\u0117se konferencijose.<\/p>\n<p>Pagrindin\u0117s mokslinio darbo kryptys &#8211; prostatos v\u0117\u017eio ankstyvoji diagnostika, operacinio gydymo metodai, vyr\u0173 vaisingumo problemos ir dirbtinis apvaisinimas.<\/p>\n<p>Nuo 2002 m. aktyviai domisi andrologija ir dirbtiniu apvaisinimu.<\/p>\n<\/div>\n\n\t\t\t\t\t\t\t\t\t\t\t<\/div>\n\n\t\t\t\t\t\n\t\t\t\t\t\t\t\t\t<\/div>\n\t\t\t<\/div>\n\t\t[\/vc_column][\/vc_row]<\/p>\n<\/div>","protected":false},"excerpt":{"rendered":"<p>[vc_row css=&#8221;.vc_custom_1745485026490{margin-bottom: 30px !important;}&#8221; woodmart_css_id=&#8221;6809fce004bdb&#8221; responsive_spacing=&#8221;eyJwYXJhbV90eXBlIjoid29vZG1hcnRfcmVzcG9uc2l2ZV9zcGFjaW5nIiwic2VsZWN0b3JfaWQiOiI2ODA5ZmNlMDA0YmRiIiwic2hvcnRjb2RlIjoidmNfcm93IiwiZGF0YSI6eyJ0YWJsZXQiOnt9LCJtb2JpbGUiOnt9fX0=&#8221; mobile_bg_img_hidden=&#8221;no&#8221; tablet_bg_img_hidden=&#8221;no&#8221; woodmart_parallax=&#8221;0&#8243; woodmart_gradient_switch=&#8221;no&#8221; woodmart_box_shadow=&#8221;no&#8221; wd_z_index=&#8221;no&#8221; woodmart_disable_overflow=&#8221;0&#8243; row_reverse_mobile=&#8221;0&#8243; row_reverse_tablet=&#8221;0&#8243;][vc_column][\/vc_column][\/vc_row]<\/p>\n","protected":false},"author":1,"featured_media":0,"parent":0,"menu_order":0,"comment_status":"closed","ping_status":"closed","template":"","meta":{"footnotes":""},"class_list":["post-653","page","type-page","status-publish","hentry"],"yoast_head":"<!-- This site is optimized with the Yoast SEO plugin v27.2 - https:\/\/yoast.com\/product\/yoast-seo-wordpress\/ -->\n<title>Specialistai - Vaisingumocentras.lt<\/title>\n<meta name=\"robots\" content=\"index, follow, max-snippet:-1, max-image-preview:large, max-video-preview:-1\" \/>\n<link rel=\"canonical\" href=\"https:\/\/vaisingumocentras.lt\/en\/staff\/\" \/>\n<meta property=\"og:locale\" content=\"en_US\" \/>\n<meta property=\"og:type\" content=\"article\" \/>\n<meta property=\"og:title\" content=\"Specialistai - Vaisingumocentras.lt\" \/>\n<meta property=\"og:url\" content=\"https:\/\/vaisingumocentras.lt\/en\/staff\/\" \/>\n<meta property=\"og:site_name\" content=\"Vaisingumocentras.lt\" \/>\n<meta property=\"og:image\" content=\"https:\/\/vaisingumocentras.lt\/wp-content\/uploads\/2025\/04\/iStock-477194712-scaled.jpg\" \/>\n\t<meta property=\"og:image:width\" content=\"2560\" \/>\n\t<meta property=\"og:image:height\" content=\"1698\" \/>\n\t<meta property=\"og:image:type\" content=\"image\/jpeg\" \/>\n<meta name=\"twitter:card\" content=\"summary_large_image\" \/>\n<meta name=\"twitter:label1\" content=\"Est. reading time\" \/>\n\t<meta name=\"twitter:data1\" content=\"6 minutes\" \/>\n<script type=\"application\/ld+json\" class=\"yoast-schema-graph\">{\"@context\":\"https:\/\/schema.org\",\"@graph\":[{\"@type\":\"WebPage\",\"@id\":\"https:\/\/vaisingumocentras.lt\/en\/staff\/\",\"url\":\"https:\/\/vaisingumocentras.lt\/en\/staff\/\",\"name\":\"Specialistai - Vaisingumocentras.lt\",\"isPartOf\":{\"@id\":\"https:\/\/vaisingumocentras.lt\/#website\"},\"datePublished\":\"2025-04-22T08:10:10+00:00\",\"breadcrumb\":{\"@id\":\"https:\/\/vaisingumocentras.lt\/en\/staff\/#breadcrumb\"},\"inLanguage\":\"en-US\",\"potentialAction\":[{\"@type\":\"ReadAction\",\"target\":[\"https:\/\/vaisingumocentras.lt\/en\/staff\/\"]}]},{\"@type\":\"BreadcrumbList\",\"@id\":\"https:\/\/vaisingumocentras.lt\/en\/staff\/#breadcrumb\",\"itemListElement\":[{\"@type\":\"ListItem\",\"position\":1,\"name\":\"Home\",\"item\":\"https:\/\/vaisingumocentras.lt\/en\/pradzia\/\"},{\"@type\":\"ListItem\",\"position\":2,\"name\":\"Specialistai\"}]},{\"@type\":\"WebSite\",\"@id\":\"https:\/\/vaisingumocentras.lt\/#website\",\"url\":\"https:\/\/vaisingumocentras.lt\/\",\"name\":\"vaisingumocentras.lt\",\"description\":\"Gra\u017einos Bogdanskien\u0117s Vaisingumo Centras\",\"publisher\":{\"@id\":\"https:\/\/vaisingumocentras.lt\/#organization\"},\"alternateName\":\"Gra\u017einos Bogdanskien\u0117s Vaisingumo Centras\",\"potentialAction\":[{\"@type\":\"SearchAction\",\"target\":{\"@type\":\"EntryPoint\",\"urlTemplate\":\"https:\/\/vaisingumocentras.lt\/?s={search_term_string}\"},\"query-input\":{\"@type\":\"PropertyValueSpecification\",\"valueRequired\":true,\"valueName\":\"search_term_string\"}}],\"inLanguage\":\"en-US\"},{\"@type\":\"Organization\",\"@id\":\"https:\/\/vaisingumocentras.lt\/#organization\",\"name\":\"Gra\u017einos Bogdanskien\u0117s Vaisingumo Centras\",\"url\":\"https:\/\/vaisingumocentras.lt\/\",\"logo\":{\"@type\":\"ImageObject\",\"inLanguage\":\"en-US\",\"@id\":\"https:\/\/vaisingumocentras.lt\/#\/schema\/logo\/image\/\",\"url\":\"https:\/\/vaisingumocentras.lt\/wp-content\/uploads\/2025\/04\/logo-naujas.jpg\",\"contentUrl\":\"https:\/\/vaisingumocentras.lt\/wp-content\/uploads\/2025\/04\/logo-naujas.jpg\",\"width\":1999,\"height\":1193,\"caption\":\"Gra\u017einos Bogdanskien\u0117s Vaisingumo Centras\"},\"image\":{\"@id\":\"https:\/\/vaisingumocentras.lt\/#\/schema\/logo\/image\/\"}}]}<\/script>\n<!-- \/ Yoast SEO plugin. -->","yoast_head_json":{"title":"Specialistai - Vaisingumocentras.lt","robots":{"index":"index","follow":"follow","max-snippet":"max-snippet:-1","max-image-preview":"max-image-preview:large","max-video-preview":"max-video-preview:-1"},"canonical":"https:\/\/vaisingumocentras.lt\/en\/staff\/","og_locale":"en_US","og_type":"article","og_title":"Specialistai - Vaisingumocentras.lt","og_url":"https:\/\/vaisingumocentras.lt\/en\/staff\/","og_site_name":"Vaisingumocentras.lt","og_image":[{"width":2560,"height":1698,"url":"https:\/\/vaisingumocentras.lt\/wp-content\/uploads\/2025\/04\/iStock-477194712-scaled.jpg","type":"image\/jpeg"}],"twitter_card":"summary_large_image","twitter_misc":{"Est. reading time":"6 minutes"},"schema":{"@context":"https:\/\/schema.org","@graph":[{"@type":"WebPage","@id":"https:\/\/vaisingumocentras.lt\/en\/staff\/","url":"https:\/\/vaisingumocentras.lt\/en\/staff\/","name":"Specialistai - Vaisingumocentras.lt","isPartOf":{"@id":"https:\/\/vaisingumocentras.lt\/#website"},"datePublished":"2025-04-22T08:10:10+00:00","breadcrumb":{"@id":"https:\/\/vaisingumocentras.lt\/en\/staff\/#breadcrumb"},"inLanguage":"en-US","potentialAction":[{"@type":"ReadAction","target":["https:\/\/vaisingumocentras.lt\/en\/staff\/"]}]},{"@type":"BreadcrumbList","@id":"https:\/\/vaisingumocentras.lt\/en\/staff\/#breadcrumb","itemListElement":[{"@type":"ListItem","position":1,"name":"Home","item":"https:\/\/vaisingumocentras.lt\/en\/pradzia\/"},{"@type":"ListItem","position":2,"name":"Specialistai"}]},{"@type":"WebSite","@id":"https:\/\/vaisingumocentras.lt\/#website","url":"https:\/\/vaisingumocentras.lt\/","name":"vaisingumocentras.lt","description":"Gra\u017einos Bogdanskien\u0117s Vaisingumo Centras","publisher":{"@id":"https:\/\/vaisingumocentras.lt\/#organization"},"alternateName":"Gra\u017einos Bogdanskien\u0117s Vaisingumo Centras","potentialAction":[{"@type":"SearchAction","target":{"@type":"EntryPoint","urlTemplate":"https:\/\/vaisingumocentras.lt\/?s={search_term_string}"},"query-input":{"@type":"PropertyValueSpecification","valueRequired":true,"valueName":"search_term_string"}}],"inLanguage":"en-US"},{"@type":"Organization","@id":"https:\/\/vaisingumocentras.lt\/#organization","name":"Gra\u017einos Bogdanskien\u0117s Vaisingumo Centras","url":"https:\/\/vaisingumocentras.lt\/","logo":{"@type":"ImageObject","inLanguage":"en-US","@id":"https:\/\/vaisingumocentras.lt\/#\/schema\/logo\/image\/","url":"https:\/\/vaisingumocentras.lt\/wp-content\/uploads\/2025\/04\/logo-naujas.jpg","contentUrl":"https:\/\/vaisingumocentras.lt\/wp-content\/uploads\/2025\/04\/logo-naujas.jpg","width":1999,"height":1193,"caption":"Gra\u017einos Bogdanskien\u0117s Vaisingumo Centras"},"image":{"@id":"https:\/\/vaisingumocentras.lt\/#\/schema\/logo\/image\/"}}]}},"_hostinger_reach_plugin_has_subscription_block":false,"_hostinger_reach_plugin_is_elementor":false,"_links":{"self":[{"href":"https:\/\/vaisingumocentras.lt\/en\/wp-json\/wp\/v2\/pages\/653","targetHints":{"allow":["GET"]}}],"collection":[{"href":"https:\/\/vaisingumocentras.lt\/en\/wp-json\/wp\/v2\/pages"}],"about":[{"href":"https:\/\/vaisingumocentras.lt\/en\/wp-json\/wp\/v2\/types\/page"}],"author":[{"embeddable":true,"href":"https:\/\/vaisingumocentras.lt\/en\/wp-json\/wp\/v2\/users\/1"}],"replies":[{"embeddable":true,"href":"https:\/\/vaisingumocentras.lt\/en\/wp-json\/wp\/v2\/comments?post=653"}],"version-history":[{"count":0,"href":"https:\/\/vaisingumocentras.lt\/en\/wp-json\/wp\/v2\/pages\/653\/revisions"}],"wp:attachment":[{"href":"https:\/\/vaisingumocentras.lt\/en\/wp-json\/wp\/v2\/media?parent=653"}],"curies":[{"name":"wp","href":"https:\/\/api.w.org\/{rel}","templated":true}]}}