{"id":935,"date":"2025-12-03T08:38:51","date_gmt":"2025-12-03T08:38:51","guid":{"rendered":"https:\/\/vaisingumocentras.lt\/doctors\/dr-ausra-stumbryte-kaminskiene\/"},"modified":"2026-04-09T11:45:54","modified_gmt":"2026-04-09T11:45:54","slug":"dr-ausra-stumbryte-kaminskiene","status":"publish","type":"page","link":"https:\/\/vaisingumocentras.lt\/en\/doctors\/dr-ausra-stumbryte-kaminskiene\/","title":{"rendered":"Dr. Au\u0161ra Stumbryt\u0117-Kaminskien\u0117"},"content":{"rendered":"<div class=\"wpb-content-wrapper\"><p>[vc_row][vc_column width=&#8221;1\/3&#8243;]\t\t<div id=\"wd-69d79169362bf\" class=\"wd-image wd-wpb wd-rs-69d79169362bf text-left \">\n\t\t\t\n\t\t\t<img loading=\"lazy\" decoding=\"async\" width=\"1028\" height=\"1024\" src=\"https:\/\/vaisingumocentras.lt\/wp-content\/uploads\/2026\/04\/IMG_4355.png\" class=\"attachment-full size-full\" alt=\"\" srcset=\"https:\/\/vaisingumocentras.lt\/wp-content\/uploads\/2026\/04\/IMG_4355.png 1028w, https:\/\/vaisingumocentras.lt\/wp-content\/uploads\/2026\/04\/IMG_4355-300x300.png 300w, https:\/\/vaisingumocentras.lt\/wp-content\/uploads\/2026\/04\/IMG_4355-1024x1020.png 1024w, https:\/\/vaisingumocentras.lt\/wp-content\/uploads\/2026\/04\/IMG_4355-150x150.png 150w, https:\/\/vaisingumocentras.lt\/wp-content\/uploads\/2026\/04\/IMG_4355-768x765.png 768w\" sizes=\"auto, (max-width: 1028px) 100vw, 1028px\" \/>\n\t\t\t\t\t<\/div>\n\t\t[\/vc_column][vc_column width=&#8221;2\/3&#8243;]\n\t\t<div id=\"wd-692ff752b70c6\" class=\"title-wrapper wd-wpb wd-set-mb reset-last-child  wd-rs-692ff752b70c6 wd-title-color-default wd-title-style-default text-left  wd-underline-colored\">\n\t\t\t\t\t\t\t\n\t\t\t\t<div class=\"title-subtitle  subtitle-color-default font-default subtitle-style-background wd-font-weight- wd-fontsize-xs\">Embryologist<\/div>\n\t\t\t\n\t\t\t<div class=\"liner-continer\">\n\t\t\t\t<h4 class=\"woodmart-title-container title  wd-font-weight- wd-fontsize-l\" >Dr. Au\u0161ra Stumbryt\u0117-Kaminskien\u0117<\/h4>\n\t\t\t\t\t\t\t<\/div>\n\t\t\t\n\t\t\t\n\t\t\t\n\t\t<\/div>\n\t\t\n\t\t\t\t<div id=\"wd-692ff75fd4f77\" class=\"wd-text-block wd-wpb reset-last-child wd-rs-692ff75fd4f77 text-left \">\n\t\t\t<p class=\"MsoNormal\"><strong>Education<\/strong><br \/>\n\u2022 In 2010 obtained a Bachelor\u2019s degree in Biology from Vilnius University.<br \/>\n\u2022 In 2012 earned a Master\u2019s degree in Genetics.<br \/>\n\u2022 From 2013 to 2018 pursued doctoral studies at the Faculty of Natural Sciences of Vilnius University, where she received a PhD in Biological Sciences.<br \/>\n\u2022 In 2018 defended her dissertation titled <em>\u201cThe significance of human papillomavirus and cancer-related gene polymorphisms for the survival of patients with laryngeal and lung cancer.\u201d<\/em><\/p>\n<p class=\"MsoNormal\"><strong>Professional Experience<\/strong><br \/>\n\u2022 Has been gaining professional experience since 2012.<br \/>\n\u2022 Continuously improves her qualifications by participating in conferences and seminars.<br \/>\n\u2022 Co-author of multiple scientific publications.<\/p>\n\t\t<\/div>\n\t\t[\/vc_column][\/vc_row]<\/p>\n<\/div>","protected":false},"excerpt":{"rendered":"<p>[vc_row][vc_column width=&#8221;1\/3&#8243;][\/vc_column][vc_column width=&#8221;2\/3&#8243;][\/vc_column][\/vc_row]<\/p>\n","protected":false},"author":1,"featured_media":0,"parent":579,"menu_order":0,"comment_status":"closed","ping_status":"closed","template":"","meta":{"footnotes":""},"class_list":["post-935","page","type-page","status-publish","hentry"],"yoast_head":"<!-- This site is optimized with the Yoast SEO plugin v27.2 - https:\/\/yoast.com\/product\/yoast-seo-wordpress\/ -->\n<title>Dr. Au\u0161ra Stumbryt\u0117-Kaminskien\u0117 - Vaisingumocentras.lt<\/title>\n<meta name=\"robots\" content=\"index, follow, max-snippet:-1, max-image-preview:large, max-video-preview:-1\" \/>\n<link rel=\"canonical\" href=\"https:\/\/vaisingumocentras.lt\/en\/doctors\/dr-ausra-stumbryte-kaminskiene\/\" \/>\n<meta property=\"og:locale\" content=\"en_US\" \/>\n<meta property=\"og:type\" content=\"article\" \/>\n<meta property=\"og:title\" content=\"Dr. Au\u0161ra Stumbryt\u0117-Kaminskien\u0117 - Vaisingumocentras.lt\" \/>\n<meta property=\"og:url\" content=\"https:\/\/vaisingumocentras.lt\/en\/doctors\/dr-ausra-stumbryte-kaminskiene\/\" \/>\n<meta property=\"og:site_name\" content=\"Vaisingumocentras.lt\" \/>\n<meta property=\"article:modified_time\" content=\"2026-04-09T11:45:54+00:00\" \/>\n<meta property=\"og:image\" content=\"https:\/\/vaisingumocentras.lt\/wp-content\/uploads\/2025\/04\/iStock-477194712-scaled.jpg\" \/>\n\t<meta property=\"og:image:width\" content=\"2560\" \/>\n\t<meta property=\"og:image:height\" content=\"1698\" \/>\n\t<meta property=\"og:image:type\" content=\"image\/jpeg\" \/>\n<meta name=\"twitter:card\" content=\"summary_large_image\" \/>\n<meta name=\"twitter:label1\" content=\"Est. reading time\" \/>\n\t<meta name=\"twitter:data1\" content=\"1 minute\" \/>\n<script type=\"application\/ld+json\" class=\"yoast-schema-graph\">{\"@context\":\"https:\/\/schema.org\",\"@graph\":[{\"@type\":\"WebPage\",\"@id\":\"https:\/\/vaisingumocentras.lt\/en\/doctors\/dr-ausra-stumbryte-kaminskiene\/\",\"url\":\"https:\/\/vaisingumocentras.lt\/en\/doctors\/dr-ausra-stumbryte-kaminskiene\/\",\"name\":\"Dr. Au\u0161ra Stumbryt\u0117-Kaminskien\u0117 - Vaisingumocentras.lt\",\"isPartOf\":{\"@id\":\"https:\/\/vaisingumocentras.lt\/#website\"},\"datePublished\":\"2025-12-03T08:38:51+00:00\",\"dateModified\":\"2026-04-09T11:45:54+00:00\",\"breadcrumb\":{\"@id\":\"https:\/\/vaisingumocentras.lt\/en\/doctors\/dr-ausra-stumbryte-kaminskiene\/#breadcrumb\"},\"inLanguage\":\"en-US\",\"potentialAction\":[{\"@type\":\"ReadAction\",\"target\":[\"https:\/\/vaisingumocentras.lt\/en\/doctors\/dr-ausra-stumbryte-kaminskiene\/\"]}]},{\"@type\":\"BreadcrumbList\",\"@id\":\"https:\/\/vaisingumocentras.lt\/en\/doctors\/dr-ausra-stumbryte-kaminskiene\/#breadcrumb\",\"itemListElement\":[{\"@type\":\"ListItem\",\"position\":1,\"name\":\"Home\",\"item\":\"https:\/\/vaisingumocentras.lt\/en\/pradzia\/\"},{\"@type\":\"ListItem\",\"position\":2,\"name\":\"Doctors\",\"item\":\"https:\/\/vaisingumocentras.lt\/en\/doctors\/\"},{\"@type\":\"ListItem\",\"position\":3,\"name\":\"Dr. Au\u0161ra Stumbryt\u0117-Kaminskien\u0117\"}]},{\"@type\":\"WebSite\",\"@id\":\"https:\/\/vaisingumocentras.lt\/#website\",\"url\":\"https:\/\/vaisingumocentras.lt\/\",\"name\":\"vaisingumocentras.lt\",\"description\":\"Gra\u017einos Bogdanskien\u0117s Vaisingumo Centras\",\"publisher\":{\"@id\":\"https:\/\/vaisingumocentras.lt\/#organization\"},\"alternateName\":\"Gra\u017einos Bogdanskien\u0117s Vaisingumo Centras\",\"potentialAction\":[{\"@type\":\"SearchAction\",\"target\":{\"@type\":\"EntryPoint\",\"urlTemplate\":\"https:\/\/vaisingumocentras.lt\/?s={search_term_string}\"},\"query-input\":{\"@type\":\"PropertyValueSpecification\",\"valueRequired\":true,\"valueName\":\"search_term_string\"}}],\"inLanguage\":\"en-US\"},{\"@type\":\"Organization\",\"@id\":\"https:\/\/vaisingumocentras.lt\/#organization\",\"name\":\"Gra\u017einos Bogdanskien\u0117s Vaisingumo Centras\",\"url\":\"https:\/\/vaisingumocentras.lt\/\",\"logo\":{\"@type\":\"ImageObject\",\"inLanguage\":\"en-US\",\"@id\":\"https:\/\/vaisingumocentras.lt\/#\/schema\/logo\/image\/\",\"url\":\"https:\/\/vaisingumocentras.lt\/wp-content\/uploads\/2025\/04\/logo-naujas.jpg\",\"contentUrl\":\"https:\/\/vaisingumocentras.lt\/wp-content\/uploads\/2025\/04\/logo-naujas.jpg\",\"width\":1999,\"height\":1193,\"caption\":\"Gra\u017einos Bogdanskien\u0117s Vaisingumo Centras\"},\"image\":{\"@id\":\"https:\/\/vaisingumocentras.lt\/#\/schema\/logo\/image\/\"}}]}<\/script>\n<!-- \/ Yoast SEO plugin. -->","yoast_head_json":{"title":"Dr. Au\u0161ra Stumbryt\u0117-Kaminskien\u0117 - Vaisingumocentras.lt","robots":{"index":"index","follow":"follow","max-snippet":"max-snippet:-1","max-image-preview":"max-image-preview:large","max-video-preview":"max-video-preview:-1"},"canonical":"https:\/\/vaisingumocentras.lt\/en\/doctors\/dr-ausra-stumbryte-kaminskiene\/","og_locale":"en_US","og_type":"article","og_title":"Dr. Au\u0161ra Stumbryt\u0117-Kaminskien\u0117 - Vaisingumocentras.lt","og_url":"https:\/\/vaisingumocentras.lt\/en\/doctors\/dr-ausra-stumbryte-kaminskiene\/","og_site_name":"Vaisingumocentras.lt","article_modified_time":"2026-04-09T11:45:54+00:00","og_image":[{"width":2560,"height":1698,"url":"https:\/\/vaisingumocentras.lt\/wp-content\/uploads\/2025\/04\/iStock-477194712-scaled.jpg","type":"image\/jpeg"}],"twitter_card":"summary_large_image","twitter_misc":{"Est. reading time":"1 minute"},"schema":{"@context":"https:\/\/schema.org","@graph":[{"@type":"WebPage","@id":"https:\/\/vaisingumocentras.lt\/en\/doctors\/dr-ausra-stumbryte-kaminskiene\/","url":"https:\/\/vaisingumocentras.lt\/en\/doctors\/dr-ausra-stumbryte-kaminskiene\/","name":"Dr. Au\u0161ra Stumbryt\u0117-Kaminskien\u0117 - Vaisingumocentras.lt","isPartOf":{"@id":"https:\/\/vaisingumocentras.lt\/#website"},"datePublished":"2025-12-03T08:38:51+00:00","dateModified":"2026-04-09T11:45:54+00:00","breadcrumb":{"@id":"https:\/\/vaisingumocentras.lt\/en\/doctors\/dr-ausra-stumbryte-kaminskiene\/#breadcrumb"},"inLanguage":"en-US","potentialAction":[{"@type":"ReadAction","target":["https:\/\/vaisingumocentras.lt\/en\/doctors\/dr-ausra-stumbryte-kaminskiene\/"]}]},{"@type":"BreadcrumbList","@id":"https:\/\/vaisingumocentras.lt\/en\/doctors\/dr-ausra-stumbryte-kaminskiene\/#breadcrumb","itemListElement":[{"@type":"ListItem","position":1,"name":"Home","item":"https:\/\/vaisingumocentras.lt\/en\/pradzia\/"},{"@type":"ListItem","position":2,"name":"Doctors","item":"https:\/\/vaisingumocentras.lt\/en\/doctors\/"},{"@type":"ListItem","position":3,"name":"Dr. Au\u0161ra Stumbryt\u0117-Kaminskien\u0117"}]},{"@type":"WebSite","@id":"https:\/\/vaisingumocentras.lt\/#website","url":"https:\/\/vaisingumocentras.lt\/","name":"vaisingumocentras.lt","description":"Gra\u017einos Bogdanskien\u0117s Vaisingumo Centras","publisher":{"@id":"https:\/\/vaisingumocentras.lt\/#organization"},"alternateName":"Gra\u017einos Bogdanskien\u0117s Vaisingumo Centras","potentialAction":[{"@type":"SearchAction","target":{"@type":"EntryPoint","urlTemplate":"https:\/\/vaisingumocentras.lt\/?s={search_term_string}"},"query-input":{"@type":"PropertyValueSpecification","valueRequired":true,"valueName":"search_term_string"}}],"inLanguage":"en-US"},{"@type":"Organization","@id":"https:\/\/vaisingumocentras.lt\/#organization","name":"Gra\u017einos Bogdanskien\u0117s Vaisingumo Centras","url":"https:\/\/vaisingumocentras.lt\/","logo":{"@type":"ImageObject","inLanguage":"en-US","@id":"https:\/\/vaisingumocentras.lt\/#\/schema\/logo\/image\/","url":"https:\/\/vaisingumocentras.lt\/wp-content\/uploads\/2025\/04\/logo-naujas.jpg","contentUrl":"https:\/\/vaisingumocentras.lt\/wp-content\/uploads\/2025\/04\/logo-naujas.jpg","width":1999,"height":1193,"caption":"Gra\u017einos Bogdanskien\u0117s Vaisingumo Centras"},"image":{"@id":"https:\/\/vaisingumocentras.lt\/#\/schema\/logo\/image\/"}}]}},"_hostinger_reach_plugin_has_subscription_block":false,"_hostinger_reach_plugin_is_elementor":false,"_links":{"self":[{"href":"https:\/\/vaisingumocentras.lt\/en\/wp-json\/wp\/v2\/pages\/935","targetHints":{"allow":["GET"]}}],"collection":[{"href":"https:\/\/vaisingumocentras.lt\/en\/wp-json\/wp\/v2\/pages"}],"about":[{"href":"https:\/\/vaisingumocentras.lt\/en\/wp-json\/wp\/v2\/types\/page"}],"author":[{"embeddable":true,"href":"https:\/\/vaisingumocentras.lt\/en\/wp-json\/wp\/v2\/users\/1"}],"replies":[{"embeddable":true,"href":"https:\/\/vaisingumocentras.lt\/en\/wp-json\/wp\/v2\/comments?post=935"}],"version-history":[{"count":4,"href":"https:\/\/vaisingumocentras.lt\/en\/wp-json\/wp\/v2\/pages\/935\/revisions"}],"predecessor-version":[{"id":1178,"href":"https:\/\/vaisingumocentras.lt\/en\/wp-json\/wp\/v2\/pages\/935\/revisions\/1178"}],"up":[{"embeddable":true,"href":"https:\/\/vaisingumocentras.lt\/en\/wp-json\/wp\/v2\/pages\/579"}],"wp:attachment":[{"href":"https:\/\/vaisingumocentras.lt\/en\/wp-json\/wp\/v2\/media?parent=935"}],"curies":[{"name":"wp","href":"https:\/\/api.w.org\/{rel}","templated":true}]}}